{"id":882,"date":"2009-12-13T15:34:38","date_gmt":"2009-12-13T13:34:38","guid":{"rendered":"https:\/\/kiesimestarit.fi\/?page_id=5"},"modified":"2015-10-07T19:03:31","modified_gmt":"2015-10-07T16:03:31","slug":"tmi-kiesimestarit","status":"publish","type":"page","link":"https:\/\/www.kiesimestarit.fi\/index\/","title":{"rendered":"T:mi Kiesimestarit"},"content":{"rendered":"<p>T:mi Kiesimestarit on vuonna 1995 perustettu perinteinen k\u00e4sity\u00f6yritys, joka\u00a0sijaitsee <a href=\"http:\/\/www.ypaja.fi\/\" target=\"_blank\">Yp\u00e4j\u00e4ll\u00e4<\/a>, Suomen hevospit\u00e4j\u00e4ss\u00e4. P\u00e4\u00e4toimialamme on vanhojen\u00a0hevosvetoisten ajov\u00e4lineiden restaurointi.<\/p>\n<p>Lis\u00e4ksi palveluvalikoimaan kuuluvat my\u00f6s antiikkisten ajov\u00e4lineiden sek\u00e4\u00a0erilaisten tarvikkeiden mm: aisojen, vaunulyhtyjen, k\u00e4rrynpy\u00f6rien myynti.<\/p>\n<p>Teemme ajov\u00e4lineiden arvon-ja i\u00e4n m\u00e4\u00e4rityksi\u00e4 mm: vakuutusyhti\u00f6ille.\u00a0Olemme my\u00f6s tiiviiss\u00e4 yhteisty\u00f6ss\u00e4 useiden museoiden kanssa.<\/p>\n<p>Kiesimestarit ei tarjoa ajopalveluita tai valjakoita, mutta olemme yhteisty\u00f6ss\u00e4\u00a0useiden luotettavien ja ammattitaitoisten ajureiden kanssa, heid\u00e4n <a href=\"https:\/\/kiesimestarit.fi\/ajuripalvelut\/\">yhteystietonsa l\u00f6ytyv\u00e4t t\u00e4\u00e4lt\u00e4<\/a>.<\/p>","protected":false},"excerpt":{"rendered":"<p>T:mi Kiesimestarit on vuonna 1995 perustettu perinteinen k\u00e4sity\u00f6yritys, joka\u00a0sijaitsee Yp\u00e4j\u00e4ll\u00e4, Suomen hevospit\u00e4j\u00e4ss\u00e4. P\u00e4\u00e4toimialamme on vanhojen\u00a0hevosvetoisten ajov\u00e4lineiden restaurointi. Lis\u00e4ksi palveluvalikoimaan kuuluvat my\u00f6s antiikkisten ajov\u00e4lineiden sek\u00e4\u00a0erilaisten tarvikkeiden mm: aisojen, vaunulyhtyjen, k\u00e4rrynpy\u00f6rien myynti. Teemme ajov\u00e4lineiden arvon-ja i\u00e4n m\u00e4\u00e4rityksi\u00e4 mm: vakuutusyhti\u00f6ille.\u00a0Olemme my\u00f6s tiiviiss\u00e4 yhteisty\u00f6ss\u00e4 useiden museoiden kanssa. Kiesimestarit ei tarjoa ajopalveluita tai valjakoita, mutta olemme yhteisty\u00f6ss\u00e4\u00a0useiden luotettavien ja ammattitaitoisten [&hellip;]<\/p>\n","protected":false},"author":2,"featured_media":0,"parent":0,"menu_order":0,"comment_status":"open","ping_status":"open","template":"","meta":{"ngg_post_thumbnail":0,"footnotes":""},"class_list":["post-882","page","type-page","status-publish","hentry"],"yoast_head":"<!-- This site is optimized with the Yoast SEO plugin v27.5 - https:\/\/yoast.com\/product\/yoast-seo-wordpress\/ -->\n<title>T:mi Kiesimestarit<\/title>\n<meta name=\"robots\" content=\"index, follow, max-snippet:-1, max-image-preview:large, max-video-preview:-1\" \/>\n<link rel=\"canonical\" href=\"https:\/\/www.kiesimestarit.fi\/index\/\" \/>\n<meta property=\"og:locale\" content=\"fi_FI\" \/>\n<meta property=\"og:type\" content=\"article\" \/>\n<meta property=\"og:title\" content=\"T:mi Kiesimestarit\" \/>\n<meta property=\"og:description\" content=\"T:mi Kiesimestarit on vuonna 1995 perustettu perinteinen k\u00e4sity\u00f6yritys, joka\u00a0sijaitsee Yp\u00e4j\u00e4ll\u00e4, Suomen hevospit\u00e4j\u00e4ss\u00e4. P\u00e4\u00e4toimialamme on vanhojen\u00a0hevosvetoisten ajov\u00e4lineiden restaurointi. Lis\u00e4ksi palveluvalikoimaan kuuluvat my\u00f6s antiikkisten ajov\u00e4lineiden sek\u00e4\u00a0erilaisten tarvikkeiden mm: aisojen, vaunulyhtyjen, k\u00e4rrynpy\u00f6rien myynti. Teemme ajov\u00e4lineiden arvon-ja i\u00e4n m\u00e4\u00e4rityksi\u00e4 mm: vakuutusyhti\u00f6ille.\u00a0Olemme my\u00f6s tiiviiss\u00e4 yhteisty\u00f6ss\u00e4 useiden museoiden kanssa. Kiesimestarit ei tarjoa ajopalveluita tai valjakoita, mutta olemme yhteisty\u00f6ss\u00e4\u00a0useiden luotettavien ja ammattitaitoisten [&hellip;]\" \/>\n<meta property=\"og:url\" content=\"https:\/\/www.kiesimestarit.fi\/index\/\" \/>\n<meta property=\"og:site_name\" content=\"T:mi Kiesimestarit\" \/>\n<meta property=\"article:modified_time\" content=\"2015-10-07T16:03:31+00:00\" \/>\n<meta name=\"twitter:card\" content=\"summary_large_image\" \/>\n<meta name=\"twitter:label1\" content=\"Est. reading time\" \/>\n\t<meta name=\"twitter:data1\" content=\"1 minute\" \/>\n<script type=\"application\/ld+json\" class=\"yoast-schema-graph\">{\"@context\":\"https:\\\/\\\/schema.org\",\"@graph\":[{\"@type\":\"WebPage\",\"@id\":\"https:\\\/\\\/www.kiesimestarit.fi\\\/index\\\/\",\"url\":\"https:\\\/\\\/www.kiesimestarit.fi\\\/index\\\/\",\"name\":\"T:mi Kiesimestarit\",\"isPartOf\":{\"@id\":\"https:\\\/\\\/www.kiesimestarit.fi\\\/index\\\/#website\"},\"datePublished\":\"2009-12-13T13:34:38+00:00\",\"dateModified\":\"2015-10-07T16:03:31+00:00\",\"breadcrumb\":{\"@id\":\"https:\\\/\\\/www.kiesimestarit.fi\\\/index\\\/#breadcrumb\"},\"inLanguage\":\"fi-FI\",\"potentialAction\":[{\"@type\":\"ReadAction\",\"target\":[\"https:\\\/\\\/www.kiesimestarit.fi\\\/index\\\/\"]}]},{\"@type\":\"BreadcrumbList\",\"@id\":\"https:\\\/\\\/www.kiesimestarit.fi\\\/index\\\/#breadcrumb\",\"itemListElement\":[{\"@type\":\"ListItem\",\"position\":1,\"name\":\"Home\",\"item\":\"https:\\\/\\\/www.kiesimestarit.fi\\\/index\\\/\"},{\"@type\":\"ListItem\",\"position\":2,\"name\":\"T:mi Kiesimestarit\"}]},{\"@type\":\"WebSite\",\"@id\":\"https:\\\/\\\/www.kiesimestarit.fi\\\/index\\\/#website\",\"url\":\"https:\\\/\\\/www.kiesimestarit.fi\\\/index\\\/\",\"name\":\"T:mi Kiesimestarit\",\"description\":\"Jokaisella esineell\u00e4 on s\u00e4ilytt\u00e4misen arvoinen tarina\",\"potentialAction\":[{\"@type\":\"SearchAction\",\"target\":{\"@type\":\"EntryPoint\",\"urlTemplate\":\"https:\\\/\\\/www.kiesimestarit.fi\\\/index\\\/?s={search_term_string}\"},\"query-input\":{\"@type\":\"PropertyValueSpecification\",\"valueRequired\":true,\"valueName\":\"search_term_string\"}}],\"inLanguage\":\"fi-FI\"}]}<\/script>\n<!-- \/ Yoast SEO plugin. -->","yoast_head_json":{"title":"T:mi Kiesimestarit","robots":{"index":"index","follow":"follow","max-snippet":"max-snippet:-1","max-image-preview":"max-image-preview:large","max-video-preview":"max-video-preview:-1"},"canonical":"https:\/\/www.kiesimestarit.fi\/index\/","og_locale":"fi_FI","og_type":"article","og_title":"T:mi Kiesimestarit","og_description":"T:mi Kiesimestarit on vuonna 1995 perustettu perinteinen k\u00e4sity\u00f6yritys, joka\u00a0sijaitsee Yp\u00e4j\u00e4ll\u00e4, Suomen hevospit\u00e4j\u00e4ss\u00e4. P\u00e4\u00e4toimialamme on vanhojen\u00a0hevosvetoisten ajov\u00e4lineiden restaurointi. Lis\u00e4ksi palveluvalikoimaan kuuluvat my\u00f6s antiikkisten ajov\u00e4lineiden sek\u00e4\u00a0erilaisten tarvikkeiden mm: aisojen, vaunulyhtyjen, k\u00e4rrynpy\u00f6rien myynti. Teemme ajov\u00e4lineiden arvon-ja i\u00e4n m\u00e4\u00e4rityksi\u00e4 mm: vakuutusyhti\u00f6ille.\u00a0Olemme my\u00f6s tiiviiss\u00e4 yhteisty\u00f6ss\u00e4 useiden museoiden kanssa. Kiesimestarit ei tarjoa ajopalveluita tai valjakoita, mutta olemme yhteisty\u00f6ss\u00e4\u00a0useiden luotettavien ja ammattitaitoisten [&hellip;]","og_url":"https:\/\/www.kiesimestarit.fi\/index\/","og_site_name":"T:mi Kiesimestarit","article_modified_time":"2015-10-07T16:03:31+00:00","twitter_card":"summary_large_image","twitter_misc":{"Est. reading time":"1 minute"},"schema":{"@context":"https:\/\/schema.org","@graph":[{"@type":"WebPage","@id":"https:\/\/www.kiesimestarit.fi\/index\/","url":"https:\/\/www.kiesimestarit.fi\/index\/","name":"T:mi Kiesimestarit","isPartOf":{"@id":"https:\/\/www.kiesimestarit.fi\/index\/#website"},"datePublished":"2009-12-13T13:34:38+00:00","dateModified":"2015-10-07T16:03:31+00:00","breadcrumb":{"@id":"https:\/\/www.kiesimestarit.fi\/index\/#breadcrumb"},"inLanguage":"fi-FI","potentialAction":[{"@type":"ReadAction","target":["https:\/\/www.kiesimestarit.fi\/index\/"]}]},{"@type":"BreadcrumbList","@id":"https:\/\/www.kiesimestarit.fi\/index\/#breadcrumb","itemListElement":[{"@type":"ListItem","position":1,"name":"Home","item":"https:\/\/www.kiesimestarit.fi\/index\/"},{"@type":"ListItem","position":2,"name":"T:mi Kiesimestarit"}]},{"@type":"WebSite","@id":"https:\/\/www.kiesimestarit.fi\/index\/#website","url":"https:\/\/www.kiesimestarit.fi\/index\/","name":"T:mi Kiesimestarit","description":"Jokaisella esineell\u00e4 on s\u00e4ilytt\u00e4misen arvoinen tarina","potentialAction":[{"@type":"SearchAction","target":{"@type":"EntryPoint","urlTemplate":"https:\/\/www.kiesimestarit.fi\/index\/?s={search_term_string}"},"query-input":{"@type":"PropertyValueSpecification","valueRequired":true,"valueName":"search_term_string"}}],"inLanguage":"fi-FI"}]}},"_links":{"self":[{"href":"https:\/\/www.kiesimestarit.fi\/index\/wp-json\/wp\/v2\/pages\/882","targetHints":{"allow":["GET"]}}],"collection":[{"href":"https:\/\/www.kiesimestarit.fi\/index\/wp-json\/wp\/v2\/pages"}],"about":[{"href":"https:\/\/www.kiesimestarit.fi\/index\/wp-json\/wp\/v2\/types\/page"}],"author":[{"embeddable":true,"href":"https:\/\/www.kiesimestarit.fi\/index\/wp-json\/wp\/v2\/users\/2"}],"replies":[{"embeddable":true,"href":"https:\/\/www.kiesimestarit.fi\/index\/wp-json\/wp\/v2\/comments?post=882"}],"version-history":[{"count":2,"href":"https:\/\/www.kiesimestarit.fi\/index\/wp-json\/wp\/v2\/pages\/882\/revisions"}],"predecessor-version":[{"id":1044,"href":"https:\/\/www.kiesimestarit.fi\/index\/wp-json\/wp\/v2\/pages\/882\/revisions\/1044"}],"wp:attachment":[{"href":"https:\/\/www.kiesimestarit.fi\/index\/wp-json\/wp\/v2\/media?parent=882"}],"curies":[{"name":"wp","href":"https:\/\/api.w.org\/{rel}","templated":true}]}}