{"id":65,"date":"2009-12-13T19:28:27","date_gmt":"2009-12-13T17:28:27","guid":{"rendered":"https:\/\/kiesimestarit.fi\/?page_id=65"},"modified":"2009-12-13T19:28:27","modified_gmt":"2009-12-13T17:28:27","slug":"karrynpyorat","status":"publish","type":"page","link":"https:\/\/www.kiesimestarit.fi\/index\/karrynpyorat\/","title":{"rendered":"K\u00e4rrynpy\u00f6r\u00e4t"},"content":{"rendered":"<p>Korjaamme ja myymme vanhoja puisia py\u00f6ri\u00e4, sek\u00e4 valmistamme uusia kokonaan ter\u00e4srakenteisia py\u00f6ri\u00e4. Vanhoja ajok\u00e4yt\u00f6st\u00e4 poistettuja py\u00f6ri\u00e4 myymme my\u00f6s  koriste- ja sisustusk\u00e4ytt\u00f6\u00f6n joko kunnostettuina tai alkuper\u00e4iskuntoisina.<\/p>\n<h3>Puiset k\u00e4rrynpy\u00f6r\u00e4t<\/h3>\n<ul>\n<li>Lahovaurioisten, rikkoutuneiden yms. py\u00f6rien korjaukset<\/li>\n<li>Py\u00f6rien ja laakerointien kiristykset<\/li>\n<li>Pintak\u00e4sittelyt ja pin straip- koristemaalaukset<\/li>\n<li>Ulkokehien kumitukset (kylm\u00e4vulkanointi)<\/li>\n<li>Uudet kokonaan puiset k\u00e4rrynpy\u00f6r\u00e4t<\/li>\n<\/ul>\n<p><a href=\"https:\/\/kiesimestarit.fi\/wp-content\/uploads\/puupyoravanha.jpg\"><img loading=\"lazy\" decoding=\"async\" class=\"alignnone size-thumbnail wp-image-137\" title=\"Vanha puupy\u00f6r\u00e4\" src=\"https:\/\/kiesimestarit.fi\/wp-content\/uploads\/puupyoravanha-150x150.jpg\" alt=\"Vanha puupy\u00f6r\u00e4\" width=\"150\" height=\"150\" \/><\/a> <a href=\"https:\/\/kiesimestarit.fi\/wp-content\/uploads\/puupyora.jpg\"><img loading=\"lazy\" decoding=\"async\" class=\"alignnone size-thumbnail wp-image-138\" title=\"Uusi puupy\u00f6r\u00e4 koristemaalauksin\" src=\"https:\/\/kiesimestarit.fi\/wp-content\/uploads\/puupyora-150x150.jpg\" alt=\"Uusi puupy\u00f6r\u00e4 koristemaalauksin\" width=\"150\" height=\"150\" \/><\/a><\/p>\n<h3>Ter\u00e4ksiset k\u00e4rrynpy\u00f6r\u00e4t<\/h3>\n<ul>\n<li>Uusien py\u00f6rien valmistus, halkaisijaltaan 50-140 cm, kuulalaakeroitu, ulkokeh\u00e4 kumitettu (kylm\u00e4vulkanointi)<\/li>\n<li>Vanhojen ns. &#8220;Nobel&#8221; py\u00f6rien kiristykset ja laakerihuollot\/-kiristykset, kumitusten uusimiset<\/li>\n<\/ul>\n<p>Kumitusty\u00f6 suoritetaan alihankintana alaan erikoistuneessa yrityksess\u00e4. T\u00e4st\u00e4 johtuen toimitusaika vaihtelee 5-10 p\u00e4iv\u00e4\u00e4n.<\/p>\n<p><a href=\"https:\/\/kiesimestarit.fi\/wp-content\/uploads\/teraspyorat.jpg\"><img loading=\"lazy\" decoding=\"async\" class=\"alignnone size-thumbnail wp-image-140\" title=\"Ter\u00e4ksest\u00e4 valmistetut py\u00f6r\u00e4t\" src=\"https:\/\/kiesimestarit.fi\/wp-content\/uploads\/teraspyorat-150x150.jpg\" alt=\"Ter\u00e4ksest\u00e4 valmistetut py\u00f6r\u00e4t\" width=\"150\" height=\"150\" \/><\/a> <a href=\"https:\/\/kiesimestarit.fi\/wp-content\/uploads\/karrynpyoranobel.jpg\"><img loading=\"lazy\" decoding=\"async\" class=\"alignnone size-thumbnail wp-image-141\" title=\"Nobel-py\u00f6r\u00e4 restauroituna\" src=\"https:\/\/kiesimestarit.fi\/wp-content\/uploads\/karrynpyoranobel-150x150.jpg\" alt=\"Nobel-py\u00f6r\u00e4 restauroituna\" width=\"150\" height=\"150\" \/><\/a> <a href=\"https:\/\/kiesimestarit.fi\/wp-content\/uploads\/011.jpg\"><img loading=\"lazy\" decoding=\"async\" class=\"alignnone size-thumbnail wp-image-230\" title=\"Ter\u00e4ksinen k\u00e4rrynpy\u00f6r\u00e4\" src=\"https:\/\/kiesimestarit.fi\/wp-content\/uploads\/011-150x150.jpg\" alt=\"\" width=\"150\" height=\"150\" \/><\/a><\/p>\n<p> <\/p>","protected":false},"excerpt":{"rendered":"<p>Korjaamme ja myymme vanhoja puisia py\u00f6ri\u00e4, sek\u00e4 valmistamme uusia kokonaan ter\u00e4srakenteisia py\u00f6ri\u00e4. Vanhoja ajok\u00e4yt\u00f6st\u00e4 poistettuja py\u00f6ri\u00e4 myymme my\u00f6s koriste- ja sisustusk\u00e4ytt\u00f6\u00f6n joko kunnostettuina tai alkuper\u00e4iskuntoisina. Puiset k\u00e4rrynpy\u00f6r\u00e4t Lahovaurioisten, rikkoutuneiden yms. py\u00f6rien korjaukset Py\u00f6rien ja laakerointien kiristykset Pintak\u00e4sittelyt ja pin straip- koristemaalaukset Ulkokehien kumitukset (kylm\u00e4vulkanointi) Uudet kokonaan puiset k\u00e4rrynpy\u00f6r\u00e4t Ter\u00e4ksiset k\u00e4rrynpy\u00f6r\u00e4t Uusien py\u00f6rien valmistus, halkaisijaltaan 50-140 [&hellip;]<\/p>\n","protected":false},"author":2,"featured_media":0,"parent":0,"menu_order":4,"comment_status":"open","ping_status":"open","template":"","meta":{"ngg_post_thumbnail":0,"footnotes":""},"class_list":["post-65","page","type-page","status-publish","hentry"],"yoast_head":"<!-- This site is optimized with the Yoast SEO plugin v27.3 - https:\/\/yoast.com\/product\/yoast-seo-wordpress\/ -->\n<title>K\u00e4rrynpy\u00f6r\u00e4t | T:mi Kiesimestarit<\/title>\n<meta name=\"robots\" content=\"index, follow, max-snippet:-1, max-image-preview:large, max-video-preview:-1\" \/>\n<link rel=\"canonical\" href=\"http:\/\/www.kiesimestarit.fi\/index\/en\/karrynpyorat\/\" \/>\n<meta property=\"og:locale\" content=\"fi_FI\" \/>\n<meta property=\"og:type\" content=\"article\" \/>\n<meta property=\"og:title\" content=\"K\u00e4rrynpy\u00f6r\u00e4t | T:mi Kiesimestarit\" \/>\n<meta property=\"og:description\" content=\"Korjaamme ja myymme vanhoja puisia py\u00f6ri\u00e4, sek\u00e4 valmistamme uusia kokonaan ter\u00e4srakenteisia py\u00f6ri\u00e4. Vanhoja ajok\u00e4yt\u00f6st\u00e4 poistettuja py\u00f6ri\u00e4 myymme my\u00f6s koriste- ja sisustusk\u00e4ytt\u00f6\u00f6n joko kunnostettuina tai alkuper\u00e4iskuntoisina. Puiset k\u00e4rrynpy\u00f6r\u00e4t Lahovaurioisten, rikkoutuneiden yms. py\u00f6rien korjaukset Py\u00f6rien ja laakerointien kiristykset Pintak\u00e4sittelyt ja pin straip- koristemaalaukset Ulkokehien kumitukset (kylm\u00e4vulkanointi) Uudet kokonaan puiset k\u00e4rrynpy\u00f6r\u00e4t Ter\u00e4ksiset k\u00e4rrynpy\u00f6r\u00e4t Uusien py\u00f6rien valmistus, halkaisijaltaan 50-140 [&hellip;]\" \/>\n<meta property=\"og:url\" content=\"http:\/\/www.kiesimestarit.fi\/index\/en\/karrynpyorat\/\" \/>\n<meta property=\"og:site_name\" content=\"T:mi Kiesimestarit\" \/>\n<meta property=\"og:image\" content=\"https:\/\/kiesimestarit.fi\/wp-content\/uploads\/puupyoravanha-150x150.jpg\" \/>\n<meta name=\"twitter:card\" content=\"summary_large_image\" \/>\n<meta name=\"twitter:label1\" content=\"Est. reading time\" \/>\n\t<meta name=\"twitter:data1\" content=\"1 minute\" \/>\n<script type=\"application\/ld+json\" class=\"yoast-schema-graph\">{\"@context\":\"https:\\\/\\\/schema.org\",\"@graph\":[{\"@type\":\"WebPage\",\"@id\":\"http:\\\/\\\/www.kiesimestarit.fi\\\/index\\\/en\\\/karrynpyorat\\\/\",\"url\":\"http:\\\/\\\/www.kiesimestarit.fi\\\/index\\\/en\\\/karrynpyorat\\\/\",\"name\":\"K\u00e4rrynpy\u00f6r\u00e4t | T:mi Kiesimestarit\",\"isPartOf\":{\"@id\":\"http:\\\/\\\/www.kiesimestarit.fi\\\/index\\\/#website\"},\"primaryImageOfPage\":{\"@id\":\"http:\\\/\\\/www.kiesimestarit.fi\\\/index\\\/en\\\/karrynpyorat\\\/#primaryimage\"},\"image\":{\"@id\":\"http:\\\/\\\/www.kiesimestarit.fi\\\/index\\\/en\\\/karrynpyorat\\\/#primaryimage\"},\"thumbnailUrl\":\"https:\\\/\\\/kiesimestarit.fi\\\/wp-content\\\/uploads\\\/puupyoravanha-150x150.jpg\",\"datePublished\":\"2009-12-13T17:28:27+00:00\",\"breadcrumb\":{\"@id\":\"http:\\\/\\\/www.kiesimestarit.fi\\\/index\\\/en\\\/karrynpyorat\\\/#breadcrumb\"},\"inLanguage\":\"fi-FI\",\"potentialAction\":[{\"@type\":\"ReadAction\",\"target\":[\"http:\\\/\\\/www.kiesimestarit.fi\\\/index\\\/en\\\/karrynpyorat\\\/\"]}]},{\"@type\":\"ImageObject\",\"inLanguage\":\"fi-FI\",\"@id\":\"http:\\\/\\\/www.kiesimestarit.fi\\\/index\\\/en\\\/karrynpyorat\\\/#primaryimage\",\"url\":\"https:\\\/\\\/kiesimestarit.fi\\\/wp-content\\\/uploads\\\/puupyoravanha-150x150.jpg\",\"contentUrl\":\"https:\\\/\\\/kiesimestarit.fi\\\/wp-content\\\/uploads\\\/puupyoravanha-150x150.jpg\"},{\"@type\":\"BreadcrumbList\",\"@id\":\"http:\\\/\\\/www.kiesimestarit.fi\\\/index\\\/en\\\/karrynpyorat\\\/#breadcrumb\",\"itemListElement\":[{\"@type\":\"ListItem\",\"position\":1,\"name\":\"Home\",\"item\":\"http:\\\/\\\/www.kiesimestarit.fi\\\/index\\\/\"},{\"@type\":\"ListItem\",\"position\":2,\"name\":\"K\u00e4rrynpy\u00f6r\u00e4t\"}]},{\"@type\":\"WebSite\",\"@id\":\"http:\\\/\\\/www.kiesimestarit.fi\\\/index\\\/#website\",\"url\":\"http:\\\/\\\/www.kiesimestarit.fi\\\/index\\\/\",\"name\":\"T:mi Kiesimestarit\",\"description\":\"Jokaisella esineell\u00e4 on s\u00e4ilytt\u00e4misen arvoinen tarina\",\"potentialAction\":[{\"@type\":\"SearchAction\",\"target\":{\"@type\":\"EntryPoint\",\"urlTemplate\":\"http:\\\/\\\/www.kiesimestarit.fi\\\/index\\\/?s={search_term_string}\"},\"query-input\":{\"@type\":\"PropertyValueSpecification\",\"valueRequired\":true,\"valueName\":\"search_term_string\"}}],\"inLanguage\":\"fi-FI\"}]}<\/script>\n<!-- \/ Yoast SEO plugin. -->","yoast_head_json":{"title":"K\u00e4rrynpy\u00f6r\u00e4t | T:mi Kiesimestarit","robots":{"index":"index","follow":"follow","max-snippet":"max-snippet:-1","max-image-preview":"max-image-preview:large","max-video-preview":"max-video-preview:-1"},"canonical":"http:\/\/www.kiesimestarit.fi\/index\/en\/karrynpyorat\/","og_locale":"fi_FI","og_type":"article","og_title":"K\u00e4rrynpy\u00f6r\u00e4t | T:mi Kiesimestarit","og_description":"Korjaamme ja myymme vanhoja puisia py\u00f6ri\u00e4, sek\u00e4 valmistamme uusia kokonaan ter\u00e4srakenteisia py\u00f6ri\u00e4. Vanhoja ajok\u00e4yt\u00f6st\u00e4 poistettuja py\u00f6ri\u00e4 myymme my\u00f6s koriste- ja sisustusk\u00e4ytt\u00f6\u00f6n joko kunnostettuina tai alkuper\u00e4iskuntoisina. Puiset k\u00e4rrynpy\u00f6r\u00e4t Lahovaurioisten, rikkoutuneiden yms. py\u00f6rien korjaukset Py\u00f6rien ja laakerointien kiristykset Pintak\u00e4sittelyt ja pin straip- koristemaalaukset Ulkokehien kumitukset (kylm\u00e4vulkanointi) Uudet kokonaan puiset k\u00e4rrynpy\u00f6r\u00e4t Ter\u00e4ksiset k\u00e4rrynpy\u00f6r\u00e4t Uusien py\u00f6rien valmistus, halkaisijaltaan 50-140 [&hellip;]","og_url":"http:\/\/www.kiesimestarit.fi\/index\/en\/karrynpyorat\/","og_site_name":"T:mi Kiesimestarit","og_image":[{"url":"https:\/\/kiesimestarit.fi\/wp-content\/uploads\/puupyoravanha-150x150.jpg","type":"","width":"","height":""}],"twitter_card":"summary_large_image","twitter_misc":{"Est. reading time":"1 minute"},"schema":{"@context":"https:\/\/schema.org","@graph":[{"@type":"WebPage","@id":"http:\/\/www.kiesimestarit.fi\/index\/en\/karrynpyorat\/","url":"http:\/\/www.kiesimestarit.fi\/index\/en\/karrynpyorat\/","name":"K\u00e4rrynpy\u00f6r\u00e4t | T:mi Kiesimestarit","isPartOf":{"@id":"http:\/\/www.kiesimestarit.fi\/index\/#website"},"primaryImageOfPage":{"@id":"http:\/\/www.kiesimestarit.fi\/index\/en\/karrynpyorat\/#primaryimage"},"image":{"@id":"http:\/\/www.kiesimestarit.fi\/index\/en\/karrynpyorat\/#primaryimage"},"thumbnailUrl":"https:\/\/kiesimestarit.fi\/wp-content\/uploads\/puupyoravanha-150x150.jpg","datePublished":"2009-12-13T17:28:27+00:00","breadcrumb":{"@id":"http:\/\/www.kiesimestarit.fi\/index\/en\/karrynpyorat\/#breadcrumb"},"inLanguage":"fi-FI","potentialAction":[{"@type":"ReadAction","target":["http:\/\/www.kiesimestarit.fi\/index\/en\/karrynpyorat\/"]}]},{"@type":"ImageObject","inLanguage":"fi-FI","@id":"http:\/\/www.kiesimestarit.fi\/index\/en\/karrynpyorat\/#primaryimage","url":"https:\/\/kiesimestarit.fi\/wp-content\/uploads\/puupyoravanha-150x150.jpg","contentUrl":"https:\/\/kiesimestarit.fi\/wp-content\/uploads\/puupyoravanha-150x150.jpg"},{"@type":"BreadcrumbList","@id":"http:\/\/www.kiesimestarit.fi\/index\/en\/karrynpyorat\/#breadcrumb","itemListElement":[{"@type":"ListItem","position":1,"name":"Home","item":"http:\/\/www.kiesimestarit.fi\/index\/"},{"@type":"ListItem","position":2,"name":"K\u00e4rrynpy\u00f6r\u00e4t"}]},{"@type":"WebSite","@id":"http:\/\/www.kiesimestarit.fi\/index\/#website","url":"http:\/\/www.kiesimestarit.fi\/index\/","name":"T:mi Kiesimestarit","description":"Jokaisella esineell\u00e4 on s\u00e4ilytt\u00e4misen arvoinen tarina","potentialAction":[{"@type":"SearchAction","target":{"@type":"EntryPoint","urlTemplate":"http:\/\/www.kiesimestarit.fi\/index\/?s={search_term_string}"},"query-input":{"@type":"PropertyValueSpecification","valueRequired":true,"valueName":"search_term_string"}}],"inLanguage":"fi-FI"}]}},"_links":{"self":[{"href":"https:\/\/www.kiesimestarit.fi\/index\/wp-json\/wp\/v2\/pages\/65","targetHints":{"allow":["GET"]}}],"collection":[{"href":"https:\/\/www.kiesimestarit.fi\/index\/wp-json\/wp\/v2\/pages"}],"about":[{"href":"https:\/\/www.kiesimestarit.fi\/index\/wp-json\/wp\/v2\/types\/page"}],"author":[{"embeddable":true,"href":"https:\/\/www.kiesimestarit.fi\/index\/wp-json\/wp\/v2\/users\/2"}],"replies":[{"embeddable":true,"href":"https:\/\/www.kiesimestarit.fi\/index\/wp-json\/wp\/v2\/comments?post=65"}],"version-history":[{"count":0,"href":"https:\/\/www.kiesimestarit.fi\/index\/wp-json\/wp\/v2\/pages\/65\/revisions"}],"wp:attachment":[{"href":"https:\/\/www.kiesimestarit.fi\/index\/wp-json\/wp\/v2\/media?parent=65"}],"curies":[{"name":"wp","href":"https:\/\/api.w.org\/{rel}","templated":true}]}}