{"id":462,"date":"2012-05-23T18:00:39","date_gmt":"2012-05-23T15:00:39","guid":{"rendered":"http:\/\/www.kiesimestarit.fi\/?page_id=462"},"modified":"2015-10-07T18:28:15","modified_gmt":"2015-10-07T15:28:15","slug":"vaunujen-huollot","status":"publish","type":"page","link":"https:\/\/www.kiesimestarit.fi\/index\/vaunujen-huollot\/","title":{"rendered":"Vaunujen huollot ja korjaukset"},"content":{"rendered":"<p>Vaunuja tulisi huoltaa s\u00e4\u00e4nn\u00f6llisin v\u00e4liajoin, ja suositeltavaa olisi tehd\u00e4 ainakin kattava kev\u00e4thuolto ennen ajoneuvon k\u00e4ytt\u00f6\u00f6n ottoa ajokauden alussa. Erityisesti laakeroinnit, k\u00e4\u00e4nt\u00f6p\u00f6yt\u00e4 ja jarrullisissa vaunuissa jarruosat pit\u00e4isi huoltaa s\u00e4\u00e4nn\u00f6llisesti.Pienill\u00e4 huoltotoimilla s\u00e4\u00e4styt\u00e4\u00e4n useimmiten isolta remontilta.<\/p>\n<p>Tarvittaessa Kiesimestarit suorittaa:<\/p>\n<ul>\n<li>Laakerihuollot, istutukset ja korjaukset ( kaikki laakerimallit: liuku\/ kuula \/ rulla \/ neulalaakeroinnit )<\/li>\n<li>K\u00e4\u00e4nt\u00f6p\u00f6ytien huollot, puhdistukset, kiristykset ja tasapainotus<\/li>\n<li>Jarrujen huollot, asennukset ja korjaukset ( levy &#8211; ja laahajarrut. Jarrupalojen vaihdot, jarrusatuloiden huollot, puhdistukset, korjaukset .Jarruputkien ja liittimien vaihdot tms.. kaikki jarruty\u00f6t )<\/li>\n<\/ul>\n<p>Perushuolto voidaan tehd\u00e4 verstaalla mm: sill\u00e4 aikaa, kun vaunun omistaja on vaikka seuraamassa kilpailuita tai valmennuksia Yp\u00e4j\u00e4ll\u00e4. Huolto voidaan suorittaa my\u00f6s &#8220;avaimet k\u00e4teen&#8221; periaatteella, eli vaunu haetaan, huolletaan ja tuodaan takaisin kotiovelle.<\/p>\n<p><a href=\"https:\/\/kiesimestarit.fi\/wp-content\/uploads\/huollot-1.jpg\"><img loading=\"lazy\" decoding=\"async\" class=\"alignnone size-thumbnail wp-image-465\" title=\"Huollot 1\" src=\"https:\/\/kiesimestarit.fi\/wp-content\/uploads\/huollot-1-150x150.jpg\" alt=\"\" width=\"150\" height=\"150\" \/><\/a> <a href=\"https:\/\/kiesimestarit.fi\/wp-content\/uploads\/huollot-2.jpg\"><img loading=\"lazy\" decoding=\"async\" class=\"alignnone size-thumbnail wp-image-464\" title=\"Huollot 2\" src=\"https:\/\/kiesimestarit.fi\/wp-content\/uploads\/huollot-2-150x150.jpg\" alt=\"\" width=\"150\" height=\"150\" \/><\/a> <a href=\"https:\/\/kiesimestarit.fi\/wp-content\/uploads\/huollot-3.jpg\"><img loading=\"lazy\" decoding=\"async\" class=\"alignnone size-thumbnail wp-image-463\" title=\"Huollot 3\" src=\"https:\/\/kiesimestarit.fi\/wp-content\/uploads\/huollot-3-150x150.jpg\" alt=\"\" width=\"150\" height=\"150\" \/><\/a><\/p>\n<h3>Korjaukset<\/h3>\n<p>Korjaamme vanhoja ja uusia vaunuja my\u00f6s tapaturmaisten rikkoutumisten\u00a0j\u00e4ljilt\u00e4. Laajan yhteisty\u00f6verkostomme kautta vara- ja vaihto-osien saatavuus Keski-Euroopasta on hyv\u00e4 ja valikoima laaja.<\/p>\n<p><a href=\"https:\/\/kiesimestarit.fi\/wp-content\/uploads\/2012\/05\/tapaturma-1.jpg\"><img loading=\"lazy\" decoding=\"async\" class=\"alignnone size-thumbnail wp-image-911\" src=\"https:\/\/kiesimestarit.fi\/wp-content\/uploads\/2012\/05\/tapaturma-1-150x150.jpg\" alt=\"tapaturma-1\" width=\"150\" height=\"150\" \/><\/a>\u00a0<a href=\"https:\/\/kiesimestarit.fi\/wp-content\/uploads\/2012\/05\/tapaturma-2.jpg\"><img loading=\"lazy\" decoding=\"async\" class=\"alignnone size-thumbnail wp-image-912\" src=\"https:\/\/kiesimestarit.fi\/wp-content\/uploads\/2012\/05\/tapaturma-2-150x150.jpg\" alt=\"tapaturma-2\" width=\"150\" height=\"150\" \/><\/a><\/p>","protected":false},"excerpt":{"rendered":"<p>Vaunuja tulisi huoltaa s\u00e4\u00e4nn\u00f6llisin v\u00e4liajoin, ja suositeltavaa olisi tehd\u00e4 ainakin kattava kev\u00e4thuolto ennen ajoneuvon k\u00e4ytt\u00f6\u00f6n ottoa ajokauden alussa. Erityisesti laakeroinnit, k\u00e4\u00e4nt\u00f6p\u00f6yt\u00e4 ja jarrullisissa vaunuissa jarruosat pit\u00e4isi huoltaa s\u00e4\u00e4nn\u00f6llisesti.Pienill\u00e4 huoltotoimilla s\u00e4\u00e4styt\u00e4\u00e4n useimmiten isolta remontilta. Tarvittaessa Kiesimestarit suorittaa: Laakerihuollot, istutukset ja korjaukset ( kaikki laakerimallit: liuku\/ kuula \/ rulla \/ neulalaakeroinnit ) K\u00e4\u00e4nt\u00f6p\u00f6ytien huollot, puhdistukset, kiristykset ja [&hellip;]<\/p>\n","protected":false},"author":2,"featured_media":0,"parent":0,"menu_order":4,"comment_status":"open","ping_status":"closed","template":"","meta":{"ngg_post_thumbnail":0,"footnotes":""},"class_list":["post-462","page","type-page","status-publish","hentry"],"yoast_head":"<!-- This site is optimized with the Yoast SEO plugin v27.3 - https:\/\/yoast.com\/product\/yoast-seo-wordpress\/ -->\n<title>Vaunujen huollot ja korjaukset | T:mi Kiesimestarit<\/title>\n<meta name=\"robots\" content=\"index, follow, max-snippet:-1, max-image-preview:large, max-video-preview:-1\" \/>\n<link rel=\"canonical\" href=\"http:\/\/www.kiesimestarit.fi\/index\/sv\/vaunujen-huollot\/\" \/>\n<meta property=\"og:locale\" content=\"fi_FI\" \/>\n<meta property=\"og:type\" content=\"article\" \/>\n<meta property=\"og:title\" content=\"Vaunujen huollot ja korjaukset | T:mi Kiesimestarit\" \/>\n<meta property=\"og:description\" content=\"Vaunuja tulisi huoltaa s\u00e4\u00e4nn\u00f6llisin v\u00e4liajoin, ja suositeltavaa olisi tehd\u00e4 ainakin kattava kev\u00e4thuolto ennen ajoneuvon k\u00e4ytt\u00f6\u00f6n ottoa ajokauden alussa. Erityisesti laakeroinnit, k\u00e4\u00e4nt\u00f6p\u00f6yt\u00e4 ja jarrullisissa vaunuissa jarruosat pit\u00e4isi huoltaa s\u00e4\u00e4nn\u00f6llisesti.Pienill\u00e4 huoltotoimilla s\u00e4\u00e4styt\u00e4\u00e4n useimmiten isolta remontilta. Tarvittaessa Kiesimestarit suorittaa: Laakerihuollot, istutukset ja korjaukset ( kaikki laakerimallit: liuku\/ kuula \/ rulla \/ neulalaakeroinnit ) K\u00e4\u00e4nt\u00f6p\u00f6ytien huollot, puhdistukset, kiristykset ja [&hellip;]\" \/>\n<meta property=\"og:url\" content=\"http:\/\/www.kiesimestarit.fi\/index\/sv\/vaunujen-huollot\/\" \/>\n<meta property=\"og:site_name\" content=\"T:mi Kiesimestarit\" \/>\n<meta property=\"article:modified_time\" content=\"2015-10-07T15:28:15+00:00\" \/>\n<meta property=\"og:image\" content=\"https:\/\/kiesimestarit.fi\/wp-content\/uploads\/huollot-1-150x150.jpg\" \/>\n<meta name=\"twitter:card\" content=\"summary_large_image\" \/>\n<meta name=\"twitter:label1\" content=\"Est. reading time\" \/>\n\t<meta name=\"twitter:data1\" content=\"1 minute\" \/>\n<script type=\"application\/ld+json\" class=\"yoast-schema-graph\">{\"@context\":\"https:\\\/\\\/schema.org\",\"@graph\":[{\"@type\":\"WebPage\",\"@id\":\"http:\\\/\\\/www.kiesimestarit.fi\\\/index\\\/sv\\\/vaunujen-huollot\\\/\",\"url\":\"http:\\\/\\\/www.kiesimestarit.fi\\\/index\\\/sv\\\/vaunujen-huollot\\\/\",\"name\":\"Vaunujen huollot ja korjaukset | T:mi Kiesimestarit\",\"isPartOf\":{\"@id\":\"https:\\\/\\\/www.kiesimestarit.fi\\\/index\\\/#website\"},\"primaryImageOfPage\":{\"@id\":\"http:\\\/\\\/www.kiesimestarit.fi\\\/index\\\/sv\\\/vaunujen-huollot\\\/#primaryimage\"},\"image\":{\"@id\":\"http:\\\/\\\/www.kiesimestarit.fi\\\/index\\\/sv\\\/vaunujen-huollot\\\/#primaryimage\"},\"thumbnailUrl\":\"https:\\\/\\\/kiesimestarit.fi\\\/wp-content\\\/uploads\\\/huollot-1-150x150.jpg\",\"datePublished\":\"2012-05-23T15:00:39+00:00\",\"dateModified\":\"2015-10-07T15:28:15+00:00\",\"breadcrumb\":{\"@id\":\"http:\\\/\\\/www.kiesimestarit.fi\\\/index\\\/sv\\\/vaunujen-huollot\\\/#breadcrumb\"},\"inLanguage\":\"fi-FI\",\"potentialAction\":[{\"@type\":\"ReadAction\",\"target\":[\"http:\\\/\\\/www.kiesimestarit.fi\\\/index\\\/sv\\\/vaunujen-huollot\\\/\"]}]},{\"@type\":\"ImageObject\",\"inLanguage\":\"fi-FI\",\"@id\":\"http:\\\/\\\/www.kiesimestarit.fi\\\/index\\\/sv\\\/vaunujen-huollot\\\/#primaryimage\",\"url\":\"https:\\\/\\\/kiesimestarit.fi\\\/wp-content\\\/uploads\\\/huollot-1-150x150.jpg\",\"contentUrl\":\"https:\\\/\\\/kiesimestarit.fi\\\/wp-content\\\/uploads\\\/huollot-1-150x150.jpg\"},{\"@type\":\"BreadcrumbList\",\"@id\":\"http:\\\/\\\/www.kiesimestarit.fi\\\/index\\\/sv\\\/vaunujen-huollot\\\/#breadcrumb\",\"itemListElement\":[{\"@type\":\"ListItem\",\"position\":1,\"name\":\"Home\",\"item\":\"https:\\\/\\\/www.kiesimestarit.fi\\\/index\\\/\"},{\"@type\":\"ListItem\",\"position\":2,\"name\":\"K\u00e4rrhjul\"}]},{\"@type\":\"WebSite\",\"@id\":\"https:\\\/\\\/www.kiesimestarit.fi\\\/index\\\/#website\",\"url\":\"https:\\\/\\\/www.kiesimestarit.fi\\\/index\\\/\",\"name\":\"T:mi Kiesimestarit\",\"description\":\"Jokaisella esineell\u00e4 on s\u00e4ilytt\u00e4misen arvoinen tarina\",\"potentialAction\":[{\"@type\":\"SearchAction\",\"target\":{\"@type\":\"EntryPoint\",\"urlTemplate\":\"https:\\\/\\\/www.kiesimestarit.fi\\\/index\\\/?s={search_term_string}\"},\"query-input\":{\"@type\":\"PropertyValueSpecification\",\"valueRequired\":true,\"valueName\":\"search_term_string\"}}],\"inLanguage\":\"fi-FI\"}]}<\/script>\n<!-- \/ Yoast SEO plugin. -->","yoast_head_json":{"title":"Vaunujen huollot ja korjaukset | T:mi Kiesimestarit","robots":{"index":"index","follow":"follow","max-snippet":"max-snippet:-1","max-image-preview":"max-image-preview:large","max-video-preview":"max-video-preview:-1"},"canonical":"http:\/\/www.kiesimestarit.fi\/index\/sv\/vaunujen-huollot\/","og_locale":"fi_FI","og_type":"article","og_title":"Vaunujen huollot ja korjaukset | T:mi Kiesimestarit","og_description":"Vaunuja tulisi huoltaa s\u00e4\u00e4nn\u00f6llisin v\u00e4liajoin, ja suositeltavaa olisi tehd\u00e4 ainakin kattava kev\u00e4thuolto ennen ajoneuvon k\u00e4ytt\u00f6\u00f6n ottoa ajokauden alussa. Erityisesti laakeroinnit, k\u00e4\u00e4nt\u00f6p\u00f6yt\u00e4 ja jarrullisissa vaunuissa jarruosat pit\u00e4isi huoltaa s\u00e4\u00e4nn\u00f6llisesti.Pienill\u00e4 huoltotoimilla s\u00e4\u00e4styt\u00e4\u00e4n useimmiten isolta remontilta. Tarvittaessa Kiesimestarit suorittaa: Laakerihuollot, istutukset ja korjaukset ( kaikki laakerimallit: liuku\/ kuula \/ rulla \/ neulalaakeroinnit ) K\u00e4\u00e4nt\u00f6p\u00f6ytien huollot, puhdistukset, kiristykset ja [&hellip;]","og_url":"http:\/\/www.kiesimestarit.fi\/index\/sv\/vaunujen-huollot\/","og_site_name":"T:mi Kiesimestarit","article_modified_time":"2015-10-07T15:28:15+00:00","og_image":[{"url":"https:\/\/kiesimestarit.fi\/wp-content\/uploads\/huollot-1-150x150.jpg","type":"","width":"","height":""}],"twitter_card":"summary_large_image","twitter_misc":{"Est. reading time":"1 minute"},"schema":{"@context":"https:\/\/schema.org","@graph":[{"@type":"WebPage","@id":"http:\/\/www.kiesimestarit.fi\/index\/sv\/vaunujen-huollot\/","url":"http:\/\/www.kiesimestarit.fi\/index\/sv\/vaunujen-huollot\/","name":"Vaunujen huollot ja korjaukset | T:mi Kiesimestarit","isPartOf":{"@id":"https:\/\/www.kiesimestarit.fi\/index\/#website"},"primaryImageOfPage":{"@id":"http:\/\/www.kiesimestarit.fi\/index\/sv\/vaunujen-huollot\/#primaryimage"},"image":{"@id":"http:\/\/www.kiesimestarit.fi\/index\/sv\/vaunujen-huollot\/#primaryimage"},"thumbnailUrl":"https:\/\/kiesimestarit.fi\/wp-content\/uploads\/huollot-1-150x150.jpg","datePublished":"2012-05-23T15:00:39+00:00","dateModified":"2015-10-07T15:28:15+00:00","breadcrumb":{"@id":"http:\/\/www.kiesimestarit.fi\/index\/sv\/vaunujen-huollot\/#breadcrumb"},"inLanguage":"fi-FI","potentialAction":[{"@type":"ReadAction","target":["http:\/\/www.kiesimestarit.fi\/index\/sv\/vaunujen-huollot\/"]}]},{"@type":"ImageObject","inLanguage":"fi-FI","@id":"http:\/\/www.kiesimestarit.fi\/index\/sv\/vaunujen-huollot\/#primaryimage","url":"https:\/\/kiesimestarit.fi\/wp-content\/uploads\/huollot-1-150x150.jpg","contentUrl":"https:\/\/kiesimestarit.fi\/wp-content\/uploads\/huollot-1-150x150.jpg"},{"@type":"BreadcrumbList","@id":"http:\/\/www.kiesimestarit.fi\/index\/sv\/vaunujen-huollot\/#breadcrumb","itemListElement":[{"@type":"ListItem","position":1,"name":"Home","item":"https:\/\/www.kiesimestarit.fi\/index\/"},{"@type":"ListItem","position":2,"name":"K\u00e4rrhjul"}]},{"@type":"WebSite","@id":"https:\/\/www.kiesimestarit.fi\/index\/#website","url":"https:\/\/www.kiesimestarit.fi\/index\/","name":"T:mi Kiesimestarit","description":"Jokaisella esineell\u00e4 on s\u00e4ilytt\u00e4misen arvoinen tarina","potentialAction":[{"@type":"SearchAction","target":{"@type":"EntryPoint","urlTemplate":"https:\/\/www.kiesimestarit.fi\/index\/?s={search_term_string}"},"query-input":{"@type":"PropertyValueSpecification","valueRequired":true,"valueName":"search_term_string"}}],"inLanguage":"fi-FI"}]}},"_links":{"self":[{"href":"https:\/\/www.kiesimestarit.fi\/index\/wp-json\/wp\/v2\/pages\/462","targetHints":{"allow":["GET"]}}],"collection":[{"href":"https:\/\/www.kiesimestarit.fi\/index\/wp-json\/wp\/v2\/pages"}],"about":[{"href":"https:\/\/www.kiesimestarit.fi\/index\/wp-json\/wp\/v2\/types\/page"}],"author":[{"embeddable":true,"href":"https:\/\/www.kiesimestarit.fi\/index\/wp-json\/wp\/v2\/users\/2"}],"replies":[{"embeddable":true,"href":"https:\/\/www.kiesimestarit.fi\/index\/wp-json\/wp\/v2\/comments?post=462"}],"version-history":[{"count":2,"href":"https:\/\/www.kiesimestarit.fi\/index\/wp-json\/wp\/v2\/pages\/462\/revisions"}],"predecessor-version":[{"id":913,"href":"https:\/\/www.kiesimestarit.fi\/index\/wp-json\/wp\/v2\/pages\/462\/revisions\/913"}],"wp:attachment":[{"href":"https:\/\/www.kiesimestarit.fi\/index\/wp-json\/wp\/v2\/media?parent=462"}],"curies":[{"name":"wp","href":"https:\/\/api.w.org\/{rel}","templated":true}]}}