{"id":210,"date":"2009-12-30T18:18:18","date_gmt":"2009-12-30T16:18:18","guid":{"rendered":"https:\/\/kiesimestarit.fi\/?page_id=210"},"modified":"2015-10-07T18:19:58","modified_gmt":"2015-10-07T15:19:58","slug":"ohjeita-restaurointitilaukseen","status":"publish","type":"page","link":"https:\/\/www.kiesimestarit.fi\/index\/restaurointi\/ohjeita-restaurointitilaukseen\/","title":{"rendered":"Ohjeita restaurointitilaukseen"},"content":{"rendered":"<p>&#8221;Olisipa mukavaa, kun meid\u00e4nkin ajopelit olisivat kunnossa&#8221;. Jos t\u00e4llainen ajatus nousi mieleen, olipa kyseess\u00e4 sitten lasitettu umpivaunu tai pikkuinen kirkkoreki, niin rohkeasti vain yhteydenotto meille.<\/p>\n<p>Ensimm\u00e4iseksi kannattaa l\u00e4hett\u00e4\u00e4 kohteesta pari kuvaa joko s\u00e4hk\u00f6postitse tai vaikka ihan perinteisell\u00e4 postilla. Voimme my\u00f6s tulla katsomaan kohteita ihan paikanp\u00e4\u00e4lle (paikanp\u00e4\u00e4ll\u00e4 tehdyst\u00e4 arviosta joudumme laskuttamaan matkakulut). Jokatapauksessa ennen restaurointitarjouksen tekemist\u00e4 kohde on n\u00e4ht\u00e4v\u00e4 tavalla tai toisella, sill\u00e4 n\u00e4kem\u00e4tt\u00e4 on mahdoton sanoa, mink\u00e4 hintainen restaurointi on kyseess\u00e4 ja kauanko kohteelle ty\u00f6st\u00f6aikaa on varattava. Tarjousta pyydett\u00e4ess\u00e4 kannattaa my\u00f6s kertoa, tuleeko vaunu ajok\u00e4ytt\u00f6\u00f6n vai museoidaanko se n\u00e4yttelyesineeksi. K\u00e4ytt\u00f6tarkoitus vaikuttaa ty\u00f6st\u00f6tekniikkaan jonkin verran.<\/p>\n<p>Kun olemme tutustuneet kohteeseen, teemme restauroinnista kirjallisen tarjouksen ty\u00f6vaihe-erittelyn kera. Halutessanne voidaan tarjouksen teko vaiheessa l\u00e4hett\u00e4\u00e4 my\u00f6s mallikappaleita esim. kankaista ja nahoista, joita kohteessa voitaisiin k\u00e4ytt\u00e4\u00e4. Yleens\u00e4 restauroinnissa kohde pyrit\u00e4\u00e4n palauttamaan alkuper\u00e4iseen asuunsa, mutta toki asiakkaan toiveet otetaan huomioon esim. vaunun v\u00e4rityksess\u00e4.<\/p>\n<p>Kohteen kunnon ja meteriaalien perusteella osaamme sanoa kauanko aikaa ty\u00f6st\u00e4miseen tulee varata. Restaurointi on melko hidasta ty\u00f6t\u00e4, joten esim: vaunujen ty\u00f6st\u00f6aika on keskim\u00e4\u00e4rin noin 3 kuukautta pitk\u00e4lti materiaaleista johtuen. \u00c4\u00e4rimm\u00e4isen harvoin saamme kohteen ty\u00f6nalle v\u00e4litt\u00f6m\u00e4sti, vaan ty\u00f6tilanteesta riippuen jonotusaika vaihtelee. N\u00e4m\u00e4 seikat kannattaa huomioida restauroinnin ajankohtaa ajatellen. Jos ajoneuvo tulee ajok\u00e4ytt\u00f6\u00f6n, ilmoittakaa meille millaiselle hevoselle ja mink\u00e4 tyyppiselle valjastukselle valmistetaan aisat.<\/p>\n<p>Tarvittaessa hoidamme koko prosessin: noudamme kohteen, suoritamme restauroinnin ja tuomme valmiin kohteen takaisin. Kuvaamme kaikki ty\u00f6vaiheet ja halutessaan asiakas saa my\u00f6s itselleen kuva-CD:n, jolta on mielenkiintoista katsella, millaisen ty\u00f6st\u00f6prosessin ajoneuvo on k\u00e4ynyt l\u00e4pi.<\/p>","protected":false},"excerpt":{"rendered":"<p>&#8221;Olisipa mukavaa, kun meid\u00e4nkin ajopelit olisivat kunnossa&#8221;. Jos t\u00e4llainen ajatus nousi mieleen, olipa kyseess\u00e4 sitten lasitettu umpivaunu tai pikkuinen kirkkoreki, niin rohkeasti vain yhteydenotto meille. Ensimm\u00e4iseksi kannattaa l\u00e4hett\u00e4\u00e4 kohteesta pari kuvaa joko s\u00e4hk\u00f6postitse tai vaikka ihan perinteisell\u00e4 postilla. Voimme my\u00f6s tulla katsomaan kohteita ihan paikanp\u00e4\u00e4lle (paikanp\u00e4\u00e4ll\u00e4 tehdyst\u00e4 arviosta joudumme laskuttamaan matkakulut). Jokatapauksessa ennen restaurointitarjouksen tekemist\u00e4 [&hellip;]<\/p>\n","protected":false},"author":2,"featured_media":0,"parent":16,"menu_order":0,"comment_status":"open","ping_status":"closed","template":"","meta":{"ngg_post_thumbnail":0,"footnotes":""},"class_list":["post-210","page","type-page","status-publish","hentry"],"yoast_head":"<!-- This site is optimized with the Yoast SEO plugin v27.3 - https:\/\/yoast.com\/product\/yoast-seo-wordpress\/ -->\n<title>Ohjeita restaurointitilaukseen | T:mi Kiesimestarit<\/title>\n<meta name=\"robots\" content=\"index, follow, max-snippet:-1, max-image-preview:large, max-video-preview:-1\" \/>\n<link rel=\"canonical\" href=\"https:\/\/www.kiesimestarit.fi\/index\/sv\/restaurointi\/ohjeita-restaurointitilaukseen\/\" \/>\n<meta property=\"og:locale\" content=\"fi_FI\" \/>\n<meta property=\"og:type\" content=\"article\" \/>\n<meta property=\"og:title\" content=\"Ohjeita restaurointitilaukseen | T:mi Kiesimestarit\" \/>\n<meta property=\"og:description\" content=\"&#8221;Olisipa mukavaa, kun meid\u00e4nkin ajopelit olisivat kunnossa&#8221;. Jos t\u00e4llainen ajatus nousi mieleen, olipa kyseess\u00e4 sitten lasitettu umpivaunu tai pikkuinen kirkkoreki, niin rohkeasti vain yhteydenotto meille. Ensimm\u00e4iseksi kannattaa l\u00e4hett\u00e4\u00e4 kohteesta pari kuvaa joko s\u00e4hk\u00f6postitse tai vaikka ihan perinteisell\u00e4 postilla. Voimme my\u00f6s tulla katsomaan kohteita ihan paikanp\u00e4\u00e4lle (paikanp\u00e4\u00e4ll\u00e4 tehdyst\u00e4 arviosta joudumme laskuttamaan matkakulut). Jokatapauksessa ennen restaurointitarjouksen tekemist\u00e4 [&hellip;]\" \/>\n<meta property=\"og:url\" content=\"https:\/\/www.kiesimestarit.fi\/index\/sv\/restaurointi\/ohjeita-restaurointitilaukseen\/\" \/>\n<meta property=\"og:site_name\" content=\"T:mi Kiesimestarit\" \/>\n<meta property=\"article:modified_time\" content=\"2015-10-07T15:19:58+00:00\" \/>\n<meta name=\"twitter:card\" content=\"summary_large_image\" \/>\n<meta name=\"twitter:label1\" content=\"Est. reading time\" \/>\n\t<meta name=\"twitter:data1\" content=\"3 minutes\" \/>\n<script type=\"application\/ld+json\" class=\"yoast-schema-graph\">{\"@context\":\"https:\\\/\\\/schema.org\",\"@graph\":[{\"@type\":\"WebPage\",\"@id\":\"https:\\\/\\\/www.kiesimestarit.fi\\\/index\\\/sv\\\/restaurointi\\\/ohjeita-restaurointitilaukseen\\\/\",\"url\":\"https:\\\/\\\/www.kiesimestarit.fi\\\/index\\\/sv\\\/restaurointi\\\/ohjeita-restaurointitilaukseen\\\/\",\"name\":\"Ohjeita restaurointitilaukseen | T:mi Kiesimestarit\",\"isPartOf\":{\"@id\":\"https:\\\/\\\/www.kiesimestarit.fi\\\/index\\\/#website\"},\"datePublished\":\"2009-12-30T16:18:18+00:00\",\"dateModified\":\"2015-10-07T15:19:58+00:00\",\"breadcrumb\":{\"@id\":\"https:\\\/\\\/www.kiesimestarit.fi\\\/index\\\/sv\\\/restaurointi\\\/ohjeita-restaurointitilaukseen\\\/#breadcrumb\"},\"inLanguage\":\"fi-FI\",\"potentialAction\":[{\"@type\":\"ReadAction\",\"target\":[\"https:\\\/\\\/www.kiesimestarit.fi\\\/index\\\/sv\\\/restaurointi\\\/ohjeita-restaurointitilaukseen\\\/\"]}]},{\"@type\":\"BreadcrumbList\",\"@id\":\"https:\\\/\\\/www.kiesimestarit.fi\\\/index\\\/sv\\\/restaurointi\\\/ohjeita-restaurointitilaukseen\\\/#breadcrumb\",\"itemListElement\":[{\"@type\":\"ListItem\",\"position\":1,\"name\":\"Home\",\"item\":\"https:\\\/\\\/www.kiesimestarit.fi\\\/index\\\/\"},{\"@type\":\"ListItem\",\"position\":2,\"name\":\"Restaurering\",\"item\":\"https:\\\/\\\/www.kiesimestarit.fi\\\/index\\\/sv\\\/restaurointi\\\/\"},{\"@type\":\"ListItem\",\"position\":3,\"name\":\"Anvisningar f\u00f6r restaureringsbest\u00e4llning\"}]},{\"@type\":\"WebSite\",\"@id\":\"https:\\\/\\\/www.kiesimestarit.fi\\\/index\\\/#website\",\"url\":\"https:\\\/\\\/www.kiesimestarit.fi\\\/index\\\/\",\"name\":\"T:mi Kiesimestarit\",\"description\":\"Jokaisella esineell\u00e4 on s\u00e4ilytt\u00e4misen arvoinen tarina\",\"potentialAction\":[{\"@type\":\"SearchAction\",\"target\":{\"@type\":\"EntryPoint\",\"urlTemplate\":\"https:\\\/\\\/www.kiesimestarit.fi\\\/index\\\/?s={search_term_string}\"},\"query-input\":{\"@type\":\"PropertyValueSpecification\",\"valueRequired\":true,\"valueName\":\"search_term_string\"}}],\"inLanguage\":\"fi-FI\"}]}<\/script>\n<!-- \/ Yoast SEO plugin. -->","yoast_head_json":{"title":"Ohjeita restaurointitilaukseen | T:mi Kiesimestarit","robots":{"index":"index","follow":"follow","max-snippet":"max-snippet:-1","max-image-preview":"max-image-preview:large","max-video-preview":"max-video-preview:-1"},"canonical":"https:\/\/www.kiesimestarit.fi\/index\/sv\/restaurointi\/ohjeita-restaurointitilaukseen\/","og_locale":"fi_FI","og_type":"article","og_title":"Ohjeita restaurointitilaukseen | T:mi Kiesimestarit","og_description":"&#8221;Olisipa mukavaa, kun meid\u00e4nkin ajopelit olisivat kunnossa&#8221;. Jos t\u00e4llainen ajatus nousi mieleen, olipa kyseess\u00e4 sitten lasitettu umpivaunu tai pikkuinen kirkkoreki, niin rohkeasti vain yhteydenotto meille. Ensimm\u00e4iseksi kannattaa l\u00e4hett\u00e4\u00e4 kohteesta pari kuvaa joko s\u00e4hk\u00f6postitse tai vaikka ihan perinteisell\u00e4 postilla. Voimme my\u00f6s tulla katsomaan kohteita ihan paikanp\u00e4\u00e4lle (paikanp\u00e4\u00e4ll\u00e4 tehdyst\u00e4 arviosta joudumme laskuttamaan matkakulut). Jokatapauksessa ennen restaurointitarjouksen tekemist\u00e4 [&hellip;]","og_url":"https:\/\/www.kiesimestarit.fi\/index\/sv\/restaurointi\/ohjeita-restaurointitilaukseen\/","og_site_name":"T:mi Kiesimestarit","article_modified_time":"2015-10-07T15:19:58+00:00","twitter_card":"summary_large_image","twitter_misc":{"Est. reading time":"3 minutes"},"schema":{"@context":"https:\/\/schema.org","@graph":[{"@type":"WebPage","@id":"https:\/\/www.kiesimestarit.fi\/index\/sv\/restaurointi\/ohjeita-restaurointitilaukseen\/","url":"https:\/\/www.kiesimestarit.fi\/index\/sv\/restaurointi\/ohjeita-restaurointitilaukseen\/","name":"Ohjeita restaurointitilaukseen | T:mi Kiesimestarit","isPartOf":{"@id":"https:\/\/www.kiesimestarit.fi\/index\/#website"},"datePublished":"2009-12-30T16:18:18+00:00","dateModified":"2015-10-07T15:19:58+00:00","breadcrumb":{"@id":"https:\/\/www.kiesimestarit.fi\/index\/sv\/restaurointi\/ohjeita-restaurointitilaukseen\/#breadcrumb"},"inLanguage":"fi-FI","potentialAction":[{"@type":"ReadAction","target":["https:\/\/www.kiesimestarit.fi\/index\/sv\/restaurointi\/ohjeita-restaurointitilaukseen\/"]}]},{"@type":"BreadcrumbList","@id":"https:\/\/www.kiesimestarit.fi\/index\/sv\/restaurointi\/ohjeita-restaurointitilaukseen\/#breadcrumb","itemListElement":[{"@type":"ListItem","position":1,"name":"Home","item":"https:\/\/www.kiesimestarit.fi\/index\/"},{"@type":"ListItem","position":2,"name":"Restaurering","item":"https:\/\/www.kiesimestarit.fi\/index\/sv\/restaurointi\/"},{"@type":"ListItem","position":3,"name":"Anvisningar f\u00f6r restaureringsbest\u00e4llning"}]},{"@type":"WebSite","@id":"https:\/\/www.kiesimestarit.fi\/index\/#website","url":"https:\/\/www.kiesimestarit.fi\/index\/","name":"T:mi Kiesimestarit","description":"Jokaisella esineell\u00e4 on s\u00e4ilytt\u00e4misen arvoinen tarina","potentialAction":[{"@type":"SearchAction","target":{"@type":"EntryPoint","urlTemplate":"https:\/\/www.kiesimestarit.fi\/index\/?s={search_term_string}"},"query-input":{"@type":"PropertyValueSpecification","valueRequired":true,"valueName":"search_term_string"}}],"inLanguage":"fi-FI"}]}},"_links":{"self":[{"href":"https:\/\/www.kiesimestarit.fi\/index\/wp-json\/wp\/v2\/pages\/210","targetHints":{"allow":["GET"]}}],"collection":[{"href":"https:\/\/www.kiesimestarit.fi\/index\/wp-json\/wp\/v2\/pages"}],"about":[{"href":"https:\/\/www.kiesimestarit.fi\/index\/wp-json\/wp\/v2\/types\/page"}],"author":[{"embeddable":true,"href":"https:\/\/www.kiesimestarit.fi\/index\/wp-json\/wp\/v2\/users\/2"}],"replies":[{"embeddable":true,"href":"https:\/\/www.kiesimestarit.fi\/index\/wp-json\/wp\/v2\/comments?post=210"}],"version-history":[{"count":1,"href":"https:\/\/www.kiesimestarit.fi\/index\/wp-json\/wp\/v2\/pages\/210\/revisions"}],"predecessor-version":[{"id":901,"href":"https:\/\/www.kiesimestarit.fi\/index\/wp-json\/wp\/v2\/pages\/210\/revisions\/901"}],"up":[{"embeddable":true,"href":"https:\/\/www.kiesimestarit.fi\/index\/wp-json\/wp\/v2\/pages\/16"}],"wp:attachment":[{"href":"https:\/\/www.kiesimestarit.fi\/index\/wp-json\/wp\/v2\/media?parent=210"}],"curies":[{"name":"wp","href":"https:\/\/api.w.org\/{rel}","templated":true}]}}