{"id":16,"date":"2009-12-13T15:45:08","date_gmt":"2009-12-13T13:45:08","guid":{"rendered":"https:\/\/kiesimestarit.fi\/?page_id=16"},"modified":"2017-10-29T17:53:16","modified_gmt":"2017-10-29T15:53:16","slug":"restaurointi","status":"publish","type":"page","link":"https:\/\/www.kiesimestarit.fi\/index\/restaurointi\/","title":{"rendered":"Restaurointi"},"content":{"rendered":"<p>Restaurointity\u00f6h\u00f6n k\u00e4ytet\u00e4\u00e4n perinteisi\u00e4 ty\u00f6tapoja ja- materiaaleja, aina kuin se suinkin on mahdollista. Restauroitava kohde pyrit\u00e4\u00e4n palauttamaan mahdollisimman alkuper\u00e4ist\u00e4 vastaavaan asuun. Ty\u00f6prosessissa v\u00e4ltet\u00e4\u00e4n kuitenkin ylirestaurointia, jotta esineen ik\u00e4 ja alkuper\u00e4isen rakentajan taito saadaan arvokkaasti esille.<\/p>\n<p>Oikeanlaisella restauroinnilla varmistetaan esineen s\u00e4ilyminen, k\u00e4ytt\u00f6turvallisuus sek\u00e4 arvo, joka antiikkiesineell\u00e4 nousee vuosi vuodelta. Kohteisiin valittavat materiaalit ovat aina laadukkaita ja perinteisi\u00e4.<\/p>\n<p>Verstaastamme ei l\u00f6ydy keinonahkaa tai automaaleja, vaan perinteisi\u00e4, alunperinkin kohteissa k\u00e4ytettyj\u00e4 materiaaleja. Kiinnit\u00e4mme huomiota my\u00f6s materiaalien toimittajiin ja heid\u00e4n toimintatapoihinsa.<\/p>\n<p>Ty\u00f6kohteet voidaan vastaanottaa kaikkina ajankohtina niin iltaisin kuin viikonloppuisinkin mm: erilaisten hevostapahtumien yhteydess\u00e4.Vaikka verstaalla ei juuri tuontiajankohtana ty\u00f6skennelt\u00e4isik\u00e4\u00e4n, on k\u00e4yt\u00f6ss\u00e4 j\u00e4tt\u00f6varasto-j\u00e4rjestelm\u00e4.N\u00e4in hoituu niin hevostelu kuin tilauksetkin samoilla kilometreill\u00e4.<\/p>\n<p>Tarvittaessa huolehdimme my\u00f6s ty\u00f6kohteiden kuljetuksesta.<\/p>\n<p>Lue my\u00f6s <a href=\"https:\/\/kiesimestarit.fi\/restaurointi\/ohjeita-restaurointitilaukseen\/\">ohjeet restaurointitilausta<\/a> varten.<\/p>\n<h3>Entisi\u00e4 ty\u00f6kohteita<\/h3>\n<p>Klikkaa\u00a0<a href=\"http:\/\/www.kiesimestarit.fi\/index\/kuvagalleria\/restaurointikuvia\/\">restaurointikuvagalleriaan<\/a> n\u00e4hd\u00e4ksesi ennen ja j\u00e4lkeen -kuvia entisist\u00e4 kohteistamme.<\/p>\n<h4><\/h4>\n<p><\/p>","protected":false},"excerpt":{"rendered":"<p>Restaurointity\u00f6h\u00f6n k\u00e4ytet\u00e4\u00e4n perinteisi\u00e4 ty\u00f6tapoja ja- materiaaleja, aina kuin se suinkin on mahdollista. Restauroitava kohde pyrit\u00e4\u00e4n palauttamaan mahdollisimman alkuper\u00e4ist\u00e4 vastaavaan asuun. Ty\u00f6prosessissa v\u00e4ltet\u00e4\u00e4n kuitenkin ylirestaurointia, jotta esineen ik\u00e4 ja alkuper\u00e4isen rakentajan taito saadaan arvokkaasti esille. Oikeanlaisella restauroinnilla varmistetaan esineen s\u00e4ilyminen, k\u00e4ytt\u00f6turvallisuus sek\u00e4 arvo, joka antiikkiesineell\u00e4 nousee vuosi vuodelta. Kohteisiin valittavat materiaalit ovat aina laadukkaita ja perinteisi\u00e4. [&hellip;]<\/p>\n","protected":false},"author":2,"featured_media":0,"parent":0,"menu_order":2,"comment_status":"open","ping_status":"open","template":"","meta":{"ngg_post_thumbnail":0,"footnotes":""},"class_list":["post-16","page","type-page","status-publish","hentry"],"yoast_head":"<!-- This site is optimized with the Yoast SEO plugin v27.3 - https:\/\/yoast.com\/product\/yoast-seo-wordpress\/ -->\n<title>Restaurointi | T:mi Kiesimestarit<\/title>\n<meta name=\"robots\" content=\"index, follow, max-snippet:-1, max-image-preview:large, max-video-preview:-1\" \/>\n<link rel=\"canonical\" href=\"https:\/\/www.kiesimestarit.fi\/index\/en\/restaurointi\/\" \/>\n<meta property=\"og:locale\" content=\"fi_FI\" \/>\n<meta property=\"og:type\" content=\"article\" \/>\n<meta property=\"og:title\" content=\"Restaurointi | T:mi Kiesimestarit\" \/>\n<meta property=\"og:description\" content=\"Restaurointity\u00f6h\u00f6n k\u00e4ytet\u00e4\u00e4n perinteisi\u00e4 ty\u00f6tapoja ja- materiaaleja, aina kuin se suinkin on mahdollista. Restauroitava kohde pyrit\u00e4\u00e4n palauttamaan mahdollisimman alkuper\u00e4ist\u00e4 vastaavaan asuun. Ty\u00f6prosessissa v\u00e4ltet\u00e4\u00e4n kuitenkin ylirestaurointia, jotta esineen ik\u00e4 ja alkuper\u00e4isen rakentajan taito saadaan arvokkaasti esille. Oikeanlaisella restauroinnilla varmistetaan esineen s\u00e4ilyminen, k\u00e4ytt\u00f6turvallisuus sek\u00e4 arvo, joka antiikkiesineell\u00e4 nousee vuosi vuodelta. Kohteisiin valittavat materiaalit ovat aina laadukkaita ja perinteisi\u00e4. [&hellip;]\" \/>\n<meta property=\"og:url\" content=\"https:\/\/www.kiesimestarit.fi\/index\/en\/restaurointi\/\" \/>\n<meta property=\"og:site_name\" content=\"T:mi Kiesimestarit\" \/>\n<meta property=\"article:modified_time\" content=\"2017-10-29T15:53:16+00:00\" \/>\n<meta name=\"twitter:card\" content=\"summary_large_image\" \/>\n<meta name=\"twitter:label1\" content=\"Est. reading time\" \/>\n\t<meta name=\"twitter:data1\" content=\"3 minutes\" \/>\n<script type=\"application\/ld+json\" class=\"yoast-schema-graph\">{\"@context\":\"https:\\\/\\\/schema.org\",\"@graph\":[{\"@type\":\"WebPage\",\"@id\":\"https:\\\/\\\/www.kiesimestarit.fi\\\/index\\\/en\\\/restaurointi\\\/\",\"url\":\"https:\\\/\\\/www.kiesimestarit.fi\\\/index\\\/en\\\/restaurointi\\\/\",\"name\":\"Restaurointi | T:mi Kiesimestarit\",\"isPartOf\":{\"@id\":\"http:\\\/\\\/www.kiesimestarit.fi\\\/index\\\/#website\"},\"datePublished\":\"2009-12-13T13:45:08+00:00\",\"dateModified\":\"2017-10-29T15:53:16+00:00\",\"breadcrumb\":{\"@id\":\"https:\\\/\\\/www.kiesimestarit.fi\\\/index\\\/en\\\/restaurointi\\\/#breadcrumb\"},\"inLanguage\":\"fi-FI\",\"potentialAction\":[{\"@type\":\"ReadAction\",\"target\":[\"https:\\\/\\\/www.kiesimestarit.fi\\\/index\\\/en\\\/restaurointi\\\/\"]}]},{\"@type\":\"BreadcrumbList\",\"@id\":\"https:\\\/\\\/www.kiesimestarit.fi\\\/index\\\/en\\\/restaurointi\\\/#breadcrumb\",\"itemListElement\":[{\"@type\":\"ListItem\",\"position\":1,\"name\":\"Home\",\"item\":\"http:\\\/\\\/www.kiesimestarit.fi\\\/index\\\/\"},{\"@type\":\"ListItem\",\"position\":2,\"name\":\"Restoration\"}]},{\"@type\":\"WebSite\",\"@id\":\"http:\\\/\\\/www.kiesimestarit.fi\\\/index\\\/#website\",\"url\":\"http:\\\/\\\/www.kiesimestarit.fi\\\/index\\\/\",\"name\":\"T:mi Kiesimestarit\",\"description\":\"Jokaisella esineell\u00e4 on s\u00e4ilytt\u00e4misen arvoinen tarina\",\"potentialAction\":[{\"@type\":\"SearchAction\",\"target\":{\"@type\":\"EntryPoint\",\"urlTemplate\":\"http:\\\/\\\/www.kiesimestarit.fi\\\/index\\\/?s={search_term_string}\"},\"query-input\":{\"@type\":\"PropertyValueSpecification\",\"valueRequired\":true,\"valueName\":\"search_term_string\"}}],\"inLanguage\":\"fi-FI\"}]}<\/script>\n<!-- \/ Yoast SEO plugin. -->","yoast_head_json":{"title":"Restaurointi | T:mi Kiesimestarit","robots":{"index":"index","follow":"follow","max-snippet":"max-snippet:-1","max-image-preview":"max-image-preview:large","max-video-preview":"max-video-preview:-1"},"canonical":"https:\/\/www.kiesimestarit.fi\/index\/en\/restaurointi\/","og_locale":"fi_FI","og_type":"article","og_title":"Restaurointi | T:mi Kiesimestarit","og_description":"Restaurointity\u00f6h\u00f6n k\u00e4ytet\u00e4\u00e4n perinteisi\u00e4 ty\u00f6tapoja ja- materiaaleja, aina kuin se suinkin on mahdollista. Restauroitava kohde pyrit\u00e4\u00e4n palauttamaan mahdollisimman alkuper\u00e4ist\u00e4 vastaavaan asuun. Ty\u00f6prosessissa v\u00e4ltet\u00e4\u00e4n kuitenkin ylirestaurointia, jotta esineen ik\u00e4 ja alkuper\u00e4isen rakentajan taito saadaan arvokkaasti esille. Oikeanlaisella restauroinnilla varmistetaan esineen s\u00e4ilyminen, k\u00e4ytt\u00f6turvallisuus sek\u00e4 arvo, joka antiikkiesineell\u00e4 nousee vuosi vuodelta. Kohteisiin valittavat materiaalit ovat aina laadukkaita ja perinteisi\u00e4. [&hellip;]","og_url":"https:\/\/www.kiesimestarit.fi\/index\/en\/restaurointi\/","og_site_name":"T:mi Kiesimestarit","article_modified_time":"2017-10-29T15:53:16+00:00","twitter_card":"summary_large_image","twitter_misc":{"Est. reading time":"3 minutes"},"schema":{"@context":"https:\/\/schema.org","@graph":[{"@type":"WebPage","@id":"https:\/\/www.kiesimestarit.fi\/index\/en\/restaurointi\/","url":"https:\/\/www.kiesimestarit.fi\/index\/en\/restaurointi\/","name":"Restaurointi | T:mi Kiesimestarit","isPartOf":{"@id":"http:\/\/www.kiesimestarit.fi\/index\/#website"},"datePublished":"2009-12-13T13:45:08+00:00","dateModified":"2017-10-29T15:53:16+00:00","breadcrumb":{"@id":"https:\/\/www.kiesimestarit.fi\/index\/en\/restaurointi\/#breadcrumb"},"inLanguage":"fi-FI","potentialAction":[{"@type":"ReadAction","target":["https:\/\/www.kiesimestarit.fi\/index\/en\/restaurointi\/"]}]},{"@type":"BreadcrumbList","@id":"https:\/\/www.kiesimestarit.fi\/index\/en\/restaurointi\/#breadcrumb","itemListElement":[{"@type":"ListItem","position":1,"name":"Home","item":"http:\/\/www.kiesimestarit.fi\/index\/"},{"@type":"ListItem","position":2,"name":"Restoration"}]},{"@type":"WebSite","@id":"http:\/\/www.kiesimestarit.fi\/index\/#website","url":"http:\/\/www.kiesimestarit.fi\/index\/","name":"T:mi Kiesimestarit","description":"Jokaisella esineell\u00e4 on s\u00e4ilytt\u00e4misen arvoinen tarina","potentialAction":[{"@type":"SearchAction","target":{"@type":"EntryPoint","urlTemplate":"http:\/\/www.kiesimestarit.fi\/index\/?s={search_term_string}"},"query-input":{"@type":"PropertyValueSpecification","valueRequired":true,"valueName":"search_term_string"}}],"inLanguage":"fi-FI"}]}},"_links":{"self":[{"href":"https:\/\/www.kiesimestarit.fi\/index\/wp-json\/wp\/v2\/pages\/16","targetHints":{"allow":["GET"]}}],"collection":[{"href":"https:\/\/www.kiesimestarit.fi\/index\/wp-json\/wp\/v2\/pages"}],"about":[{"href":"https:\/\/www.kiesimestarit.fi\/index\/wp-json\/wp\/v2\/types\/page"}],"author":[{"embeddable":true,"href":"https:\/\/www.kiesimestarit.fi\/index\/wp-json\/wp\/v2\/users\/2"}],"replies":[{"embeddable":true,"href":"https:\/\/www.kiesimestarit.fi\/index\/wp-json\/wp\/v2\/comments?post=16"}],"version-history":[{"count":9,"href":"https:\/\/www.kiesimestarit.fi\/index\/wp-json\/wp\/v2\/pages\/16\/revisions"}],"predecessor-version":[{"id":1276,"href":"https:\/\/www.kiesimestarit.fi\/index\/wp-json\/wp\/v2\/pages\/16\/revisions\/1276"}],"wp:attachment":[{"href":"https:\/\/www.kiesimestarit.fi\/index\/wp-json\/wp\/v2\/media?parent=16"}],"curies":[{"name":"wp","href":"https:\/\/api.w.org\/{rel}","templated":true}]}}