{"id":145,"date":"2009-12-19T16:27:12","date_gmt":"2009-12-19T14:27:12","guid":{"rendered":"https:\/\/kiesimestarit.fi\/?page_id=145"},"modified":"2015-10-07T18:21:20","modified_gmt":"2015-10-07T15:21:20","slug":"yhteystiedot","status":"publish","type":"page","link":"https:\/\/www.kiesimestarit.fi\/index\/yhteystiedot\/","title":{"rendered":"Yhteystiedot"},"content":{"rendered":"<p>Verstasty\u00f6skentelyst\u00e4 johtuen puhelimen soimista ei valitettavasti aina kuule, joten meid\u00e4t tavoittaa parhaimmin s\u00e4hk\u00f6postitse. Matkapuhelimeen tulleisiin puheluihin soitamme takaisin, mik\u00e4li numero on n\u00e4kyviss\u00e4. Soittopyynn\u00f6n yms. voi laittaa my\u00f6s tekstiviestin\u00e4.<\/p>\n<p><strong>Osoite<\/strong><br \/>\nT:mi Kiesimestarit<br \/>\nJenni M\u00e4ntynen<br \/>\nHirsim\u00e4entie 3<br \/>\n32100 Yp\u00e4j\u00e4<\/p>\n<p><strong>Matkapuhelin<\/strong> + 358 (0)50 3824 775<\/p>\n<p><strong>S\u00e4hk\u00f6posti<\/strong> <a href=\"mailto:kiesimestarit@mantynen.com\">kiesimestarit@mantynen.com<\/a><\/p>\n<p><strong>WWW<\/strong> <a href=\"..\/..\/\">www.kiesimestarit.fi<\/a><\/p>\n<p>Erilaisilla mobiililaitteilla otetut kuvat pyydet\u00e4\u00e4n edelleen l\u00e4hett\u00e4m\u00e4\u00e4n s\u00e4hk\u00f6postiin, jonka kautta niit\u00e4 on mahdollista katsella huomattavasti tarkemmin.<\/p>\n<p>Y-tunnus: 1339316-5<\/p>","protected":false},"excerpt":{"rendered":"<p>Verstasty\u00f6skentelyst\u00e4 johtuen puhelimen soimista ei valitettavasti aina kuule, joten meid\u00e4t tavoittaa parhaimmin s\u00e4hk\u00f6postitse. Matkapuhelimeen tulleisiin puheluihin soitamme takaisin, mik\u00e4li numero on n\u00e4kyviss\u00e4. Soittopyynn\u00f6n yms. voi laittaa my\u00f6s tekstiviestin\u00e4. Osoite T:mi Kiesimestarit Jenni M\u00e4ntynen Hirsim\u00e4entie 3 32100 Yp\u00e4j\u00e4 Matkapuhelin + 358 (0)50 3824 775 S\u00e4hk\u00f6posti kiesimestarit@mantynen.com WWW www.kiesimestarit.fi Erilaisilla mobiililaitteilla otetut kuvat pyydet\u00e4\u00e4n edelleen l\u00e4hett\u00e4m\u00e4\u00e4n s\u00e4hk\u00f6postiin, [&hellip;]<\/p>\n","protected":false},"author":2,"featured_media":0,"parent":0,"menu_order":9,"comment_status":"open","ping_status":"closed","template":"","meta":{"ngg_post_thumbnail":0,"footnotes":""},"class_list":["post-145","page","type-page","status-publish","hentry"],"yoast_head":"<!-- This site is optimized with the Yoast SEO plugin v27.3 - https:\/\/yoast.com\/product\/yoast-seo-wordpress\/ -->\n<title>Yhteystiedot | T:mi Kiesimestarit<\/title>\n<meta name=\"robots\" content=\"index, follow, max-snippet:-1, max-image-preview:large, max-video-preview:-1\" \/>\n<link rel=\"canonical\" href=\"https:\/\/www.kiesimestarit.fi\/index\/en\/yhteystiedot\/\" \/>\n<meta property=\"og:locale\" content=\"fi_FI\" \/>\n<meta property=\"og:type\" content=\"article\" \/>\n<meta property=\"og:title\" content=\"Yhteystiedot | T:mi Kiesimestarit\" \/>\n<meta property=\"og:description\" content=\"Verstasty\u00f6skentelyst\u00e4 johtuen puhelimen soimista ei valitettavasti aina kuule, joten meid\u00e4t tavoittaa parhaimmin s\u00e4hk\u00f6postitse. Matkapuhelimeen tulleisiin puheluihin soitamme takaisin, mik\u00e4li numero on n\u00e4kyviss\u00e4. Soittopyynn\u00f6n yms. voi laittaa my\u00f6s tekstiviestin\u00e4. Osoite T:mi Kiesimestarit Jenni M\u00e4ntynen Hirsim\u00e4entie 3 32100 Yp\u00e4j\u00e4 Matkapuhelin + 358 (0)50 3824 775 S\u00e4hk\u00f6posti kiesimestarit@mantynen.com WWW www.kiesimestarit.fi Erilaisilla mobiililaitteilla otetut kuvat pyydet\u00e4\u00e4n edelleen l\u00e4hett\u00e4m\u00e4\u00e4n s\u00e4hk\u00f6postiin, [&hellip;]\" \/>\n<meta property=\"og:url\" content=\"https:\/\/www.kiesimestarit.fi\/index\/en\/yhteystiedot\/\" \/>\n<meta property=\"og:site_name\" content=\"T:mi Kiesimestarit\" \/>\n<meta property=\"article:modified_time\" content=\"2015-10-07T15:21:20+00:00\" \/>\n<meta name=\"twitter:card\" content=\"summary_large_image\" \/>\n<meta name=\"twitter:label1\" content=\"Est. reading time\" \/>\n\t<meta name=\"twitter:data1\" content=\"1 minute\" \/>\n<script type=\"application\/ld+json\" class=\"yoast-schema-graph\">{\"@context\":\"https:\\\/\\\/schema.org\",\"@graph\":[{\"@type\":\"WebPage\",\"@id\":\"https:\\\/\\\/www.kiesimestarit.fi\\\/index\\\/en\\\/yhteystiedot\\\/\",\"url\":\"https:\\\/\\\/www.kiesimestarit.fi\\\/index\\\/en\\\/yhteystiedot\\\/\",\"name\":\"Yhteystiedot | T:mi Kiesimestarit\",\"isPartOf\":{\"@id\":\"https:\\\/\\\/www.kiesimestarit.fi\\\/index\\\/#website\"},\"datePublished\":\"2009-12-19T14:27:12+00:00\",\"dateModified\":\"2015-10-07T15:21:20+00:00\",\"breadcrumb\":{\"@id\":\"https:\\\/\\\/www.kiesimestarit.fi\\\/index\\\/en\\\/yhteystiedot\\\/#breadcrumb\"},\"inLanguage\":\"fi-FI\",\"potentialAction\":[{\"@type\":\"ReadAction\",\"target\":[\"https:\\\/\\\/www.kiesimestarit.fi\\\/index\\\/en\\\/yhteystiedot\\\/\"]}]},{\"@type\":\"BreadcrumbList\",\"@id\":\"https:\\\/\\\/www.kiesimestarit.fi\\\/index\\\/en\\\/yhteystiedot\\\/#breadcrumb\",\"itemListElement\":[{\"@type\":\"ListItem\",\"position\":1,\"name\":\"Home\",\"item\":\"https:\\\/\\\/www.kiesimestarit.fi\\\/index\\\/\"},{\"@type\":\"ListItem\",\"position\":2,\"name\":\"Contact information\"}]},{\"@type\":\"WebSite\",\"@id\":\"https:\\\/\\\/www.kiesimestarit.fi\\\/index\\\/#website\",\"url\":\"https:\\\/\\\/www.kiesimestarit.fi\\\/index\\\/\",\"name\":\"T:mi Kiesimestarit\",\"description\":\"Jokaisella esineell\u00e4 on s\u00e4ilytt\u00e4misen arvoinen tarina\",\"potentialAction\":[{\"@type\":\"SearchAction\",\"target\":{\"@type\":\"EntryPoint\",\"urlTemplate\":\"https:\\\/\\\/www.kiesimestarit.fi\\\/index\\\/?s={search_term_string}\"},\"query-input\":{\"@type\":\"PropertyValueSpecification\",\"valueRequired\":true,\"valueName\":\"search_term_string\"}}],\"inLanguage\":\"fi-FI\"}]}<\/script>\n<!-- \/ Yoast SEO plugin. -->","yoast_head_json":{"title":"Yhteystiedot | T:mi Kiesimestarit","robots":{"index":"index","follow":"follow","max-snippet":"max-snippet:-1","max-image-preview":"max-image-preview:large","max-video-preview":"max-video-preview:-1"},"canonical":"https:\/\/www.kiesimestarit.fi\/index\/en\/yhteystiedot\/","og_locale":"fi_FI","og_type":"article","og_title":"Yhteystiedot | T:mi Kiesimestarit","og_description":"Verstasty\u00f6skentelyst\u00e4 johtuen puhelimen soimista ei valitettavasti aina kuule, joten meid\u00e4t tavoittaa parhaimmin s\u00e4hk\u00f6postitse. Matkapuhelimeen tulleisiin puheluihin soitamme takaisin, mik\u00e4li numero on n\u00e4kyviss\u00e4. Soittopyynn\u00f6n yms. voi laittaa my\u00f6s tekstiviestin\u00e4. Osoite T:mi Kiesimestarit Jenni M\u00e4ntynen Hirsim\u00e4entie 3 32100 Yp\u00e4j\u00e4 Matkapuhelin + 358 (0)50 3824 775 S\u00e4hk\u00f6posti kiesimestarit@mantynen.com WWW www.kiesimestarit.fi Erilaisilla mobiililaitteilla otetut kuvat pyydet\u00e4\u00e4n edelleen l\u00e4hett\u00e4m\u00e4\u00e4n s\u00e4hk\u00f6postiin, [&hellip;]","og_url":"https:\/\/www.kiesimestarit.fi\/index\/en\/yhteystiedot\/","og_site_name":"T:mi Kiesimestarit","article_modified_time":"2015-10-07T15:21:20+00:00","twitter_card":"summary_large_image","twitter_misc":{"Est. reading time":"1 minute"},"schema":{"@context":"https:\/\/schema.org","@graph":[{"@type":"WebPage","@id":"https:\/\/www.kiesimestarit.fi\/index\/en\/yhteystiedot\/","url":"https:\/\/www.kiesimestarit.fi\/index\/en\/yhteystiedot\/","name":"Yhteystiedot | T:mi Kiesimestarit","isPartOf":{"@id":"https:\/\/www.kiesimestarit.fi\/index\/#website"},"datePublished":"2009-12-19T14:27:12+00:00","dateModified":"2015-10-07T15:21:20+00:00","breadcrumb":{"@id":"https:\/\/www.kiesimestarit.fi\/index\/en\/yhteystiedot\/#breadcrumb"},"inLanguage":"fi-FI","potentialAction":[{"@type":"ReadAction","target":["https:\/\/www.kiesimestarit.fi\/index\/en\/yhteystiedot\/"]}]},{"@type":"BreadcrumbList","@id":"https:\/\/www.kiesimestarit.fi\/index\/en\/yhteystiedot\/#breadcrumb","itemListElement":[{"@type":"ListItem","position":1,"name":"Home","item":"https:\/\/www.kiesimestarit.fi\/index\/"},{"@type":"ListItem","position":2,"name":"Contact information"}]},{"@type":"WebSite","@id":"https:\/\/www.kiesimestarit.fi\/index\/#website","url":"https:\/\/www.kiesimestarit.fi\/index\/","name":"T:mi Kiesimestarit","description":"Jokaisella esineell\u00e4 on s\u00e4ilytt\u00e4misen arvoinen tarina","potentialAction":[{"@type":"SearchAction","target":{"@type":"EntryPoint","urlTemplate":"https:\/\/www.kiesimestarit.fi\/index\/?s={search_term_string}"},"query-input":{"@type":"PropertyValueSpecification","valueRequired":true,"valueName":"search_term_string"}}],"inLanguage":"fi-FI"}]}},"_links":{"self":[{"href":"https:\/\/www.kiesimestarit.fi\/index\/wp-json\/wp\/v2\/pages\/145","targetHints":{"allow":["GET"]}}],"collection":[{"href":"https:\/\/www.kiesimestarit.fi\/index\/wp-json\/wp\/v2\/pages"}],"about":[{"href":"https:\/\/www.kiesimestarit.fi\/index\/wp-json\/wp\/v2\/types\/page"}],"author":[{"embeddable":true,"href":"https:\/\/www.kiesimestarit.fi\/index\/wp-json\/wp\/v2\/users\/2"}],"replies":[{"embeddable":true,"href":"https:\/\/www.kiesimestarit.fi\/index\/wp-json\/wp\/v2\/comments?post=145"}],"version-history":[{"count":1,"href":"https:\/\/www.kiesimestarit.fi\/index\/wp-json\/wp\/v2\/pages\/145\/revisions"}],"predecessor-version":[{"id":908,"href":"https:\/\/www.kiesimestarit.fi\/index\/wp-json\/wp\/v2\/pages\/145\/revisions\/908"}],"wp:attachment":[{"href":"https:\/\/www.kiesimestarit.fi\/index\/wp-json\/wp\/v2\/media?parent=145"}],"curies":[{"name":"wp","href":"https:\/\/api.w.org\/{rel}","templated":true}]}}