{"id":210,"date":"2009-12-30T18:18:18","date_gmt":"2009-12-30T16:18:18","guid":{"rendered":"https:\/\/kiesimestarit.fi\/?page_id=210"},"modified":"2015-10-07T18:19:58","modified_gmt":"2015-10-07T15:19:58","slug":"ohjeita-restaurointitilaukseen","status":"publish","type":"page","link":"https:\/\/www.kiesimestarit.fi\/index\/sv\/restaurointi\/ohjeita-restaurointitilaukseen\/","title":{"rendered":"Anvisningar f\u00f6r restaureringsbest\u00e4llning"},"content":{"rendered":"<p>\u201cVad trevligt det vore om ocks\u00e5 v\u00e5ra fordon var i k\u00f6rdugligt skick\u201d. Om det h\u00e4r \u00e4r en bekant tanke, vare sig det \u00e4r fr\u00e5ga om en sluten vagn med glasf\u00f6nster eller en liten kyrkosl\u00e4de, kontakta oss s\u00e5 hj\u00e4lper vi g\u00e4rna.<\/p>\n<p>Till f\u00f6rst \u00e4r det bra att skicka ett par bilder av restaureringsobjektet per e-post eller traditionell post. Vi kan ocks\u00e5 komma och titta p\u00e5 det, f\u00f6r det debiteras resekostnader. Objektet beh\u00f6ver i vart fall ses, p\u00e5 ett eller annat s\u00e4tt, f\u00f6re vi kan ge en offert. Utan att se objektet \u00e4r det om\u00f6jlig att s\u00e4ga hur mycket restaureringsarbete det kr\u00e4ver och hur m\u00e5nga arbetstimmar man b\u00f6r r\u00e4kna med. Det \u00e4r ocks\u00e5 bra att veta om fordonet efter restaureringen ska vara i bruk eller st\u00e5 som museif\u00f6rem\u00e5l. Anv\u00e4ndnings\u00e4ndam\u00e5let inverkar i n\u00e5gon m\u00e5n p\u00e5 restaureringstekniken.<\/p>\n<p>N\u00e4r vi har bekantat oss med objektet, ger vi en skriftlig offert d\u00e4r alla arbetsskeden specifierats. Vid behov skickar vi ocks\u00e5 materialprover p\u00e5 t.ex. tyg och leder som anv\u00e4nds. D\u00e5 vi restaurerar str\u00e4var vi fr\u00e4mst till att \u00e5terst\u00e4lla objektet i dess ursprungsskick. Vi beaktar sj\u00e4lvfallet ocks\u00e5 kundens \u00f6nskem\u00e5l vad g\u00e4ller t.ex. f\u00e4rg.<\/p>\n<p>Den totala tiden f\u00f6r restaureringsarbete beror p\u00e5 f\u00f6rem\u00e5lets skick och p\u00e5 det material som beh\u00f6vs. Restaureringstiden av fordon \u00e4r i snitt 3 m\u00e5nader, fr\u00e4mst beroende p\u00e5 material. Oftast st\u00e5r flera restaureringsobjekt i k\u00f6, vilket f\u00f6rl\u00e4nger leveranstiden. Det \u00e4r bra att beakta det h\u00e4r redan i planeringsskedet. Om fordomet skall tas i bruk efter restaureringen beh\u00f6ver vi information om hurudan h\u00e4st och spann skaklarna tillverkas f\u00f6r.<\/p>\n<p>Vid behov tar vi hand om hela restaureringsprocessen: Vi h\u00e4mtar f\u00f6rem\u00e5let, g\u00f6r restaureringingen och levererar det f\u00e4rdiga f\u00f6rem\u00e5let. Vi fotograferar alla arbetsskeden och kunden f\u00e5r de h\u00e4r bilderna p\u00e5 en CD-skiva om den s\u00e5 vill. Det \u00e4r intressant att se hela restaureringsprocessen.<\/p>","protected":false},"excerpt":{"rendered":"<p>\u201cVad trevligt det vore om ocks\u00e5 v\u00e5ra fordon var i k\u00f6rdugligt skick\u201d. Om det h\u00e4r \u00e4r en bekant tanke, vare sig det \u00e4r fr\u00e5ga om en sluten vagn med glasf\u00f6nster eller en liten kyrkosl\u00e4de, kontakta oss s\u00e5 hj\u00e4lper vi g\u00e4rna. Till f\u00f6rst \u00e4r det bra att skicka ett par bilder av restaureringsobjektet per e-post eller [&hellip;]<\/p>\n","protected":false},"author":2,"featured_media":0,"parent":16,"menu_order":0,"comment_status":"open","ping_status":"closed","template":"","meta":{"ngg_post_thumbnail":0,"footnotes":""},"class_list":["post-210","page","type-page","status-publish","hentry"],"yoast_head":"<!-- This site is optimized with the Yoast SEO plugin v27.3 - https:\/\/yoast.com\/product\/yoast-seo-wordpress\/ -->\n<title>Anvisningar f\u00f6r restaureringsbest\u00e4llning | T:mi Kiesimestarit<\/title>\n<meta name=\"robots\" content=\"index, follow, max-snippet:-1, max-image-preview:large, max-video-preview:-1\" \/>\n<link rel=\"canonical\" href=\"https:\/\/www.kiesimestarit.fi\/index\/en\/restaurointi\/ohjeita-restaurointitilaukseen\/\" \/>\n<meta property=\"og:locale\" content=\"sv_SE\" \/>\n<meta property=\"og:type\" content=\"article\" \/>\n<meta property=\"og:title\" content=\"Anvisningar f\u00f6r restaureringsbest\u00e4llning | T:mi Kiesimestarit\" \/>\n<meta property=\"og:description\" content=\"\u201cVad trevligt det vore om ocks\u00e5 v\u00e5ra fordon var i k\u00f6rdugligt skick\u201d. Om det h\u00e4r \u00e4r en bekant tanke, vare sig det \u00e4r fr\u00e5ga om en sluten vagn med glasf\u00f6nster eller en liten kyrkosl\u00e4de, kontakta oss s\u00e5 hj\u00e4lper vi g\u00e4rna. Till f\u00f6rst \u00e4r det bra att skicka ett par bilder av restaureringsobjektet per e-post eller [&hellip;]\" \/>\n<meta property=\"og:url\" content=\"https:\/\/www.kiesimestarit.fi\/index\/en\/restaurointi\/ohjeita-restaurointitilaukseen\/\" \/>\n<meta property=\"og:site_name\" content=\"T:mi Kiesimestarit\" \/>\n<meta property=\"article:modified_time\" content=\"2015-10-07T15:19:58+00:00\" \/>\n<meta name=\"twitter:card\" content=\"summary_large_image\" \/>\n<meta name=\"twitter:label1\" content=\"Ber\u00e4knad l\u00e4stid\" \/>\n\t<meta name=\"twitter:data1\" content=\"3 minuter\" \/>\n<script type=\"application\/ld+json\" class=\"yoast-schema-graph\">{\"@context\":\"https:\\\/\\\/schema.org\",\"@graph\":[{\"@type\":\"WebPage\",\"@id\":\"https:\\\/\\\/www.kiesimestarit.fi\\\/index\\\/en\\\/restaurointi\\\/ohjeita-restaurointitilaukseen\\\/\",\"url\":\"https:\\\/\\\/www.kiesimestarit.fi\\\/index\\\/en\\\/restaurointi\\\/ohjeita-restaurointitilaukseen\\\/\",\"name\":\"Anvisningar f\u00f6r restaureringsbest\u00e4llning | T:mi Kiesimestarit\",\"isPartOf\":{\"@id\":\"http:\\\/\\\/www.kiesimestarit.fi\\\/index\\\/#website\"},\"datePublished\":\"2009-12-30T16:18:18+00:00\",\"dateModified\":\"2015-10-07T15:19:58+00:00\",\"breadcrumb\":{\"@id\":\"https:\\\/\\\/www.kiesimestarit.fi\\\/index\\\/en\\\/restaurointi\\\/ohjeita-restaurointitilaukseen\\\/#breadcrumb\"},\"inLanguage\":\"sv-SE\",\"potentialAction\":[{\"@type\":\"ReadAction\",\"target\":[\"https:\\\/\\\/www.kiesimestarit.fi\\\/index\\\/en\\\/restaurointi\\\/ohjeita-restaurointitilaukseen\\\/\"]}]},{\"@type\":\"BreadcrumbList\",\"@id\":\"https:\\\/\\\/www.kiesimestarit.fi\\\/index\\\/en\\\/restaurointi\\\/ohjeita-restaurointitilaukseen\\\/#breadcrumb\",\"itemListElement\":[{\"@type\":\"ListItem\",\"position\":1,\"name\":\"Home\",\"item\":\"http:\\\/\\\/www.kiesimestarit.fi\\\/index\\\/\"},{\"@type\":\"ListItem\",\"position\":2,\"name\":\"Restoration\",\"item\":\"https:\\\/\\\/www.kiesimestarit.fi\\\/index\\\/en\\\/restaurointi\\\/\"},{\"@type\":\"ListItem\",\"position\":3,\"name\":\"Instructions when placing a restoration order\"}]},{\"@type\":\"WebSite\",\"@id\":\"http:\\\/\\\/www.kiesimestarit.fi\\\/index\\\/#website\",\"url\":\"http:\\\/\\\/www.kiesimestarit.fi\\\/index\\\/\",\"name\":\"T:mi Kiesimestarit\",\"description\":\"Jokaisella esineell\u00e4 on s\u00e4ilytt\u00e4misen arvoinen tarina\",\"potentialAction\":[{\"@type\":\"SearchAction\",\"target\":{\"@type\":\"EntryPoint\",\"urlTemplate\":\"http:\\\/\\\/www.kiesimestarit.fi\\\/index\\\/?s={search_term_string}\"},\"query-input\":{\"@type\":\"PropertyValueSpecification\",\"valueRequired\":true,\"valueName\":\"search_term_string\"}}],\"inLanguage\":\"sv-SE\"}]}<\/script>\n<!-- \/ Yoast SEO plugin. -->","yoast_head_json":{"title":"Anvisningar f\u00f6r restaureringsbest\u00e4llning | T:mi Kiesimestarit","robots":{"index":"index","follow":"follow","max-snippet":"max-snippet:-1","max-image-preview":"max-image-preview:large","max-video-preview":"max-video-preview:-1"},"canonical":"https:\/\/www.kiesimestarit.fi\/index\/en\/restaurointi\/ohjeita-restaurointitilaukseen\/","og_locale":"sv_SE","og_type":"article","og_title":"Anvisningar f\u00f6r restaureringsbest\u00e4llning | T:mi Kiesimestarit","og_description":"\u201cVad trevligt det vore om ocks\u00e5 v\u00e5ra fordon var i k\u00f6rdugligt skick\u201d. Om det h\u00e4r \u00e4r en bekant tanke, vare sig det \u00e4r fr\u00e5ga om en sluten vagn med glasf\u00f6nster eller en liten kyrkosl\u00e4de, kontakta oss s\u00e5 hj\u00e4lper vi g\u00e4rna. Till f\u00f6rst \u00e4r det bra att skicka ett par bilder av restaureringsobjektet per e-post eller [&hellip;]","og_url":"https:\/\/www.kiesimestarit.fi\/index\/en\/restaurointi\/ohjeita-restaurointitilaukseen\/","og_site_name":"T:mi Kiesimestarit","article_modified_time":"2015-10-07T15:19:58+00:00","twitter_card":"summary_large_image","twitter_misc":{"Ber\u00e4knad l\u00e4stid":"3 minuter"},"schema":{"@context":"https:\/\/schema.org","@graph":[{"@type":"WebPage","@id":"https:\/\/www.kiesimestarit.fi\/index\/en\/restaurointi\/ohjeita-restaurointitilaukseen\/","url":"https:\/\/www.kiesimestarit.fi\/index\/en\/restaurointi\/ohjeita-restaurointitilaukseen\/","name":"Anvisningar f\u00f6r restaureringsbest\u00e4llning | T:mi Kiesimestarit","isPartOf":{"@id":"http:\/\/www.kiesimestarit.fi\/index\/#website"},"datePublished":"2009-12-30T16:18:18+00:00","dateModified":"2015-10-07T15:19:58+00:00","breadcrumb":{"@id":"https:\/\/www.kiesimestarit.fi\/index\/en\/restaurointi\/ohjeita-restaurointitilaukseen\/#breadcrumb"},"inLanguage":"sv-SE","potentialAction":[{"@type":"ReadAction","target":["https:\/\/www.kiesimestarit.fi\/index\/en\/restaurointi\/ohjeita-restaurointitilaukseen\/"]}]},{"@type":"BreadcrumbList","@id":"https:\/\/www.kiesimestarit.fi\/index\/en\/restaurointi\/ohjeita-restaurointitilaukseen\/#breadcrumb","itemListElement":[{"@type":"ListItem","position":1,"name":"Home","item":"http:\/\/www.kiesimestarit.fi\/index\/"},{"@type":"ListItem","position":2,"name":"Restoration","item":"https:\/\/www.kiesimestarit.fi\/index\/en\/restaurointi\/"},{"@type":"ListItem","position":3,"name":"Instructions when placing a restoration order"}]},{"@type":"WebSite","@id":"http:\/\/www.kiesimestarit.fi\/index\/#website","url":"http:\/\/www.kiesimestarit.fi\/index\/","name":"T:mi Kiesimestarit","description":"Jokaisella esineell\u00e4 on s\u00e4ilytt\u00e4misen arvoinen tarina","potentialAction":[{"@type":"SearchAction","target":{"@type":"EntryPoint","urlTemplate":"http:\/\/www.kiesimestarit.fi\/index\/?s={search_term_string}"},"query-input":{"@type":"PropertyValueSpecification","valueRequired":true,"valueName":"search_term_string"}}],"inLanguage":"sv-SE"}]}},"_links":{"self":[{"href":"https:\/\/www.kiesimestarit.fi\/index\/sv\/wp-json\/wp\/v2\/pages\/210","targetHints":{"allow":["GET"]}}],"collection":[{"href":"https:\/\/www.kiesimestarit.fi\/index\/sv\/wp-json\/wp\/v2\/pages"}],"about":[{"href":"https:\/\/www.kiesimestarit.fi\/index\/sv\/wp-json\/wp\/v2\/types\/page"}],"author":[{"embeddable":true,"href":"https:\/\/www.kiesimestarit.fi\/index\/sv\/wp-json\/wp\/v2\/users\/2"}],"replies":[{"embeddable":true,"href":"https:\/\/www.kiesimestarit.fi\/index\/sv\/wp-json\/wp\/v2\/comments?post=210"}],"version-history":[{"count":1,"href":"https:\/\/www.kiesimestarit.fi\/index\/sv\/wp-json\/wp\/v2\/pages\/210\/revisions"}],"predecessor-version":[{"id":901,"href":"https:\/\/www.kiesimestarit.fi\/index\/sv\/wp-json\/wp\/v2\/pages\/210\/revisions\/901"}],"up":[{"embeddable":true,"href":"https:\/\/www.kiesimestarit.fi\/index\/sv\/wp-json\/wp\/v2\/pages\/16"}],"wp:attachment":[{"href":"https:\/\/www.kiesimestarit.fi\/index\/sv\/wp-json\/wp\/v2\/media?parent=210"}],"curies":[{"name":"wp","href":"https:\/\/api.w.org\/{rel}","templated":true}]}}