{"id":145,"date":"2009-12-19T16:27:12","date_gmt":"2009-12-19T14:27:12","guid":{"rendered":"https:\/\/kiesimestarit.fi\/?page_id=145"},"modified":"2015-10-07T18:21:20","modified_gmt":"2015-10-07T15:21:20","slug":"yhteystiedot","status":"publish","type":"page","link":"https:\/\/www.kiesimestarit.fi\/index\/sv\/yhteystiedot\/","title":{"rendered":"Kontaktinformation"},"content":{"rendered":"<p>Det b\u00e4sta s\u00e4ttet att kontakta oss \u00e4r via e-post. P\u00e5 grund av ov\u00e4sendet i vekstad h\u00f6r vi inte alltid telefonen. Vi ringer alltid upp, bara nummer finns kvar p\u00e5 mobiltelefonen. Det g\u00e5r ocks\u00e5 bra att l\u00e4mna ett ringbud som SMS.<\/p>\n<p><strong>Adress<\/strong><br \/>\nT:mi Kiesimestarit<br \/>\nJenni M\u00e4ntynen<br \/>\nHirsim\u00e4entie 3<br \/>\nFI-32100 Yp\u00e4j\u00e4<\/p>\n<p><strong>Mobiltelefon<\/strong> +358 (0)50 3824 775<\/p>\n<p><strong>E-post<\/strong> <a href=\"mailto:kiesimestarit@mantynen.com\">kiesimestarit@mantynen.com<\/a><\/p>\n<p><strong>WWW<\/strong> <a href=\"..\/..\/\">www.kiesimestarit.fi<\/a><\/p>\n<p>VAT-number: FI13393165<\/p>","protected":false},"excerpt":{"rendered":"<p>Det b\u00e4sta s\u00e4ttet att kontakta oss \u00e4r via e-post. P\u00e5 grund av ov\u00e4sendet i vekstad h\u00f6r vi inte alltid telefonen. Vi ringer alltid upp, bara nummer finns kvar p\u00e5 mobiltelefonen. Det g\u00e5r ocks\u00e5 bra att l\u00e4mna ett ringbud som SMS. Adress T:mi Kiesimestarit Jenni M\u00e4ntynen Hirsim\u00e4entie 3 FI-32100 Yp\u00e4j\u00e4 Mobiltelefon +358 (0)50 3824 775 E-post [&hellip;]<\/p>\n","protected":false},"author":2,"featured_media":0,"parent":0,"menu_order":9,"comment_status":"open","ping_status":"closed","template":"","meta":{"ngg_post_thumbnail":0,"footnotes":""},"class_list":["post-145","page","type-page","status-publish","hentry"],"yoast_head":"<!-- This site is optimized with the Yoast SEO plugin v27.3 - https:\/\/yoast.com\/product\/yoast-seo-wordpress\/ -->\n<title>Kontaktinformation | T:mi Kiesimestarit<\/title>\n<meta name=\"robots\" content=\"index, follow, max-snippet:-1, max-image-preview:large, max-video-preview:-1\" \/>\n<link rel=\"canonical\" href=\"http:\/\/www.kiesimestarit.fi\/index\/yhteystiedot\/\" \/>\n<meta property=\"og:locale\" content=\"sv_SE\" \/>\n<meta property=\"og:type\" content=\"article\" \/>\n<meta property=\"og:title\" content=\"Kontaktinformation | T:mi Kiesimestarit\" \/>\n<meta property=\"og:description\" content=\"Det b\u00e4sta s\u00e4ttet att kontakta oss \u00e4r via e-post. P\u00e5 grund av ov\u00e4sendet i vekstad h\u00f6r vi inte alltid telefonen. Vi ringer alltid upp, bara nummer finns kvar p\u00e5 mobiltelefonen. Det g\u00e5r ocks\u00e5 bra att l\u00e4mna ett ringbud som SMS. Adress T:mi Kiesimestarit Jenni M\u00e4ntynen Hirsim\u00e4entie 3 FI-32100 Yp\u00e4j\u00e4 Mobiltelefon +358 (0)50 3824 775 E-post [&hellip;]\" \/>\n<meta property=\"og:url\" content=\"http:\/\/www.kiesimestarit.fi\/index\/yhteystiedot\/\" \/>\n<meta property=\"og:site_name\" content=\"T:mi Kiesimestarit\" \/>\n<meta property=\"article:modified_time\" content=\"2015-10-07T15:21:20+00:00\" \/>\n<meta name=\"twitter:card\" content=\"summary_large_image\" \/>\n<meta name=\"twitter:label1\" content=\"Ber\u00e4knad l\u00e4stid\" \/>\n\t<meta name=\"twitter:data1\" content=\"1 minut\" \/>\n<script type=\"application\/ld+json\" class=\"yoast-schema-graph\">{\"@context\":\"https:\\\/\\\/schema.org\",\"@graph\":[{\"@type\":\"WebPage\",\"@id\":\"http:\\\/\\\/www.kiesimestarit.fi\\\/index\\\/yhteystiedot\\\/\",\"url\":\"http:\\\/\\\/www.kiesimestarit.fi\\\/index\\\/yhteystiedot\\\/\",\"name\":\"Kontaktinformation | T:mi Kiesimestarit\",\"isPartOf\":{\"@id\":\"https:\\\/\\\/www.kiesimestarit.fi\\\/index\\\/#website\"},\"datePublished\":\"2009-12-19T14:27:12+00:00\",\"dateModified\":\"2015-10-07T15:21:20+00:00\",\"breadcrumb\":{\"@id\":\"http:\\\/\\\/www.kiesimestarit.fi\\\/index\\\/yhteystiedot\\\/#breadcrumb\"},\"inLanguage\":\"sv-SE\",\"potentialAction\":[{\"@type\":\"ReadAction\",\"target\":[\"http:\\\/\\\/www.kiesimestarit.fi\\\/index\\\/yhteystiedot\\\/\"]}]},{\"@type\":\"BreadcrumbList\",\"@id\":\"http:\\\/\\\/www.kiesimestarit.fi\\\/index\\\/yhteystiedot\\\/#breadcrumb\",\"itemListElement\":[{\"@type\":\"ListItem\",\"position\":1,\"name\":\"Home\",\"item\":\"https:\\\/\\\/www.kiesimestarit.fi\\\/index\\\/\"},{\"@type\":\"ListItem\",\"position\":2,\"name\":\"Yhteystiedot\"}]},{\"@type\":\"WebSite\",\"@id\":\"https:\\\/\\\/www.kiesimestarit.fi\\\/index\\\/#website\",\"url\":\"https:\\\/\\\/www.kiesimestarit.fi\\\/index\\\/\",\"name\":\"T:mi Kiesimestarit\",\"description\":\"Jokaisella esineell\u00e4 on s\u00e4ilytt\u00e4misen arvoinen tarina\",\"potentialAction\":[{\"@type\":\"SearchAction\",\"target\":{\"@type\":\"EntryPoint\",\"urlTemplate\":\"https:\\\/\\\/www.kiesimestarit.fi\\\/index\\\/?s={search_term_string}\"},\"query-input\":{\"@type\":\"PropertyValueSpecification\",\"valueRequired\":true,\"valueName\":\"search_term_string\"}}],\"inLanguage\":\"sv-SE\"}]}<\/script>\n<!-- \/ Yoast SEO plugin. -->","yoast_head_json":{"title":"Kontaktinformation | T:mi Kiesimestarit","robots":{"index":"index","follow":"follow","max-snippet":"max-snippet:-1","max-image-preview":"max-image-preview:large","max-video-preview":"max-video-preview:-1"},"canonical":"http:\/\/www.kiesimestarit.fi\/index\/yhteystiedot\/","og_locale":"sv_SE","og_type":"article","og_title":"Kontaktinformation | T:mi Kiesimestarit","og_description":"Det b\u00e4sta s\u00e4ttet att kontakta oss \u00e4r via e-post. P\u00e5 grund av ov\u00e4sendet i vekstad h\u00f6r vi inte alltid telefonen. Vi ringer alltid upp, bara nummer finns kvar p\u00e5 mobiltelefonen. Det g\u00e5r ocks\u00e5 bra att l\u00e4mna ett ringbud som SMS. Adress T:mi Kiesimestarit Jenni M\u00e4ntynen Hirsim\u00e4entie 3 FI-32100 Yp\u00e4j\u00e4 Mobiltelefon +358 (0)50 3824 775 E-post [&hellip;]","og_url":"http:\/\/www.kiesimestarit.fi\/index\/yhteystiedot\/","og_site_name":"T:mi Kiesimestarit","article_modified_time":"2015-10-07T15:21:20+00:00","twitter_card":"summary_large_image","twitter_misc":{"Ber\u00e4knad l\u00e4stid":"1 minut"},"schema":{"@context":"https:\/\/schema.org","@graph":[{"@type":"WebPage","@id":"http:\/\/www.kiesimestarit.fi\/index\/yhteystiedot\/","url":"http:\/\/www.kiesimestarit.fi\/index\/yhteystiedot\/","name":"Kontaktinformation | T:mi Kiesimestarit","isPartOf":{"@id":"https:\/\/www.kiesimestarit.fi\/index\/#website"},"datePublished":"2009-12-19T14:27:12+00:00","dateModified":"2015-10-07T15:21:20+00:00","breadcrumb":{"@id":"http:\/\/www.kiesimestarit.fi\/index\/yhteystiedot\/#breadcrumb"},"inLanguage":"sv-SE","potentialAction":[{"@type":"ReadAction","target":["http:\/\/www.kiesimestarit.fi\/index\/yhteystiedot\/"]}]},{"@type":"BreadcrumbList","@id":"http:\/\/www.kiesimestarit.fi\/index\/yhteystiedot\/#breadcrumb","itemListElement":[{"@type":"ListItem","position":1,"name":"Home","item":"https:\/\/www.kiesimestarit.fi\/index\/"},{"@type":"ListItem","position":2,"name":"Yhteystiedot"}]},{"@type":"WebSite","@id":"https:\/\/www.kiesimestarit.fi\/index\/#website","url":"https:\/\/www.kiesimestarit.fi\/index\/","name":"T:mi Kiesimestarit","description":"Jokaisella esineell\u00e4 on s\u00e4ilytt\u00e4misen arvoinen tarina","potentialAction":[{"@type":"SearchAction","target":{"@type":"EntryPoint","urlTemplate":"https:\/\/www.kiesimestarit.fi\/index\/?s={search_term_string}"},"query-input":{"@type":"PropertyValueSpecification","valueRequired":true,"valueName":"search_term_string"}}],"inLanguage":"sv-SE"}]}},"_links":{"self":[{"href":"https:\/\/www.kiesimestarit.fi\/index\/sv\/wp-json\/wp\/v2\/pages\/145","targetHints":{"allow":["GET"]}}],"collection":[{"href":"https:\/\/www.kiesimestarit.fi\/index\/sv\/wp-json\/wp\/v2\/pages"}],"about":[{"href":"https:\/\/www.kiesimestarit.fi\/index\/sv\/wp-json\/wp\/v2\/types\/page"}],"author":[{"embeddable":true,"href":"https:\/\/www.kiesimestarit.fi\/index\/sv\/wp-json\/wp\/v2\/users\/2"}],"replies":[{"embeddable":true,"href":"https:\/\/www.kiesimestarit.fi\/index\/sv\/wp-json\/wp\/v2\/comments?post=145"}],"version-history":[{"count":1,"href":"https:\/\/www.kiesimestarit.fi\/index\/sv\/wp-json\/wp\/v2\/pages\/145\/revisions"}],"predecessor-version":[{"id":908,"href":"https:\/\/www.kiesimestarit.fi\/index\/sv\/wp-json\/wp\/v2\/pages\/145\/revisions\/908"}],"wp:attachment":[{"href":"https:\/\/www.kiesimestarit.fi\/index\/sv\/wp-json\/wp\/v2\/media?parent=145"}],"curies":[{"name":"wp","href":"https:\/\/api.w.org\/{rel}","templated":true}]}}