{"id":16,"date":"2009-12-13T15:45:08","date_gmt":"2009-12-13T13:45:08","guid":{"rendered":"https:\/\/kiesimestarit.fi\/?page_id=16"},"modified":"2017-10-29T17:53:16","modified_gmt":"2017-10-29T15:53:16","slug":"restaurointi","status":"publish","type":"page","link":"https:\/\/www.kiesimestarit.fi\/index\/en\/restaurointi\/","title":{"rendered":"Restoration"},"content":{"rendered":"<p>We use traditional methods and materials in restoration always when possible. Our aim is to restore an object to equate as much as possible the original one. We try to though avoid restoring too much so that the age of the object and the expertise of the manufacturer can be seen in the object.<\/p>\n<p>With the right kind of restoration we guarantee the preservation of the object and safety to use it as well as the value, which rises on an antiquity year by year. We also always use traditional materials of high quality.<\/p>\n<p>You will not find artificial leather or car paints in our workshop but traditional materials that have been used also originally in the objects. In addition we pay attention to that, who we choose to be our material suppliers and what are their ways to operate.<\/p>\n<p>When necessary we also take care of transporting the object in need of restoration.<\/p>\n<h3>Restored objects<\/h3>\n<p>Click\u00a0to the <a href=\"http:\/\/www.kiesimestarit.fi\/index\/kuvagalleria\/restaurointikuvia\/\">restoration image gallery<\/a> to see images.<\/p>","protected":false},"excerpt":{"rendered":"<p>We use traditional methods and materials in restoration always when possible. Our aim is to restore an object to equate as much as possible the original one. We try to though avoid restoring too much so that the age of the object and the expertise of the manufacturer can be seen in the object. With [&hellip;]<\/p>\n","protected":false},"author":2,"featured_media":0,"parent":0,"menu_order":2,"comment_status":"open","ping_status":"open","template":"","meta":{"ngg_post_thumbnail":0,"footnotes":""},"class_list":["post-16","page","type-page","status-publish","hentry"],"yoast_head":"<!-- This site is optimized with the Yoast SEO plugin v27.3 - https:\/\/yoast.com\/product\/yoast-seo-wordpress\/ -->\n<title>Restoration | T:mi Kiesimestarit<\/title>\n<meta name=\"robots\" content=\"index, follow, max-snippet:-1, max-image-preview:large, max-video-preview:-1\" \/>\n<link rel=\"canonical\" href=\"https:\/\/www.kiesimestarit.fi\/index\/en\/restaurointi\/\" \/>\n<meta property=\"og:locale\" content=\"en_US\" \/>\n<meta property=\"og:type\" content=\"article\" \/>\n<meta property=\"og:title\" content=\"Restoration | T:mi Kiesimestarit\" \/>\n<meta property=\"og:description\" content=\"We use traditional methods and materials in restoration always when possible. Our aim is to restore an object to equate as much as possible the original one. We try to though avoid restoring too much so that the age of the object and the expertise of the manufacturer can be seen in the object. With [&hellip;]\" \/>\n<meta property=\"og:url\" content=\"https:\/\/www.kiesimestarit.fi\/index\/en\/restaurointi\/\" \/>\n<meta property=\"og:site_name\" content=\"T:mi Kiesimestarit\" \/>\n<meta property=\"article:modified_time\" content=\"2017-10-29T15:53:16+00:00\" \/>\n<meta name=\"twitter:card\" content=\"summary_large_image\" \/>\n<meta name=\"twitter:label1\" content=\"Est. reading time\" \/>\n\t<meta name=\"twitter:data1\" content=\"3 minutes\" \/>\n<script type=\"application\/ld+json\" class=\"yoast-schema-graph\">{\"@context\":\"https:\\\/\\\/schema.org\",\"@graph\":[{\"@type\":\"WebPage\",\"@id\":\"https:\\\/\\\/www.kiesimestarit.fi\\\/index\\\/en\\\/restaurointi\\\/\",\"url\":\"https:\\\/\\\/www.kiesimestarit.fi\\\/index\\\/en\\\/restaurointi\\\/\",\"name\":\"Restoration | T:mi Kiesimestarit\",\"isPartOf\":{\"@id\":\"http:\\\/\\\/www.kiesimestarit.fi\\\/index\\\/#website\"},\"datePublished\":\"2009-12-13T13:45:08+00:00\",\"dateModified\":\"2017-10-29T15:53:16+00:00\",\"breadcrumb\":{\"@id\":\"https:\\\/\\\/www.kiesimestarit.fi\\\/index\\\/en\\\/restaurointi\\\/#breadcrumb\"},\"inLanguage\":\"en-US\",\"potentialAction\":[{\"@type\":\"ReadAction\",\"target\":[\"https:\\\/\\\/www.kiesimestarit.fi\\\/index\\\/en\\\/restaurointi\\\/\"]}]},{\"@type\":\"BreadcrumbList\",\"@id\":\"https:\\\/\\\/www.kiesimestarit.fi\\\/index\\\/en\\\/restaurointi\\\/#breadcrumb\",\"itemListElement\":[{\"@type\":\"ListItem\",\"position\":1,\"name\":\"Home\",\"item\":\"http:\\\/\\\/www.kiesimestarit.fi\\\/index\\\/\"},{\"@type\":\"ListItem\",\"position\":2,\"name\":\"Restoration\"}]},{\"@type\":\"WebSite\",\"@id\":\"http:\\\/\\\/www.kiesimestarit.fi\\\/index\\\/#website\",\"url\":\"http:\\\/\\\/www.kiesimestarit.fi\\\/index\\\/\",\"name\":\"T:mi Kiesimestarit\",\"description\":\"Jokaisella esineell\u00e4 on s\u00e4ilytt\u00e4misen arvoinen tarina\",\"potentialAction\":[{\"@type\":\"SearchAction\",\"target\":{\"@type\":\"EntryPoint\",\"urlTemplate\":\"http:\\\/\\\/www.kiesimestarit.fi\\\/index\\\/?s={search_term_string}\"},\"query-input\":{\"@type\":\"PropertyValueSpecification\",\"valueRequired\":true,\"valueName\":\"search_term_string\"}}],\"inLanguage\":\"en-US\"}]}<\/script>\n<!-- \/ Yoast SEO plugin. -->","yoast_head_json":{"title":"Restoration | T:mi Kiesimestarit","robots":{"index":"index","follow":"follow","max-snippet":"max-snippet:-1","max-image-preview":"max-image-preview:large","max-video-preview":"max-video-preview:-1"},"canonical":"https:\/\/www.kiesimestarit.fi\/index\/en\/restaurointi\/","og_locale":"en_US","og_type":"article","og_title":"Restoration | T:mi Kiesimestarit","og_description":"We use traditional methods and materials in restoration always when possible. Our aim is to restore an object to equate as much as possible the original one. We try to though avoid restoring too much so that the age of the object and the expertise of the manufacturer can be seen in the object. With [&hellip;]","og_url":"https:\/\/www.kiesimestarit.fi\/index\/en\/restaurointi\/","og_site_name":"T:mi Kiesimestarit","article_modified_time":"2017-10-29T15:53:16+00:00","twitter_card":"summary_large_image","twitter_misc":{"Est. reading time":"3 minutes"},"schema":{"@context":"https:\/\/schema.org","@graph":[{"@type":"WebPage","@id":"https:\/\/www.kiesimestarit.fi\/index\/en\/restaurointi\/","url":"https:\/\/www.kiesimestarit.fi\/index\/en\/restaurointi\/","name":"Restoration | T:mi Kiesimestarit","isPartOf":{"@id":"http:\/\/www.kiesimestarit.fi\/index\/#website"},"datePublished":"2009-12-13T13:45:08+00:00","dateModified":"2017-10-29T15:53:16+00:00","breadcrumb":{"@id":"https:\/\/www.kiesimestarit.fi\/index\/en\/restaurointi\/#breadcrumb"},"inLanguage":"en-US","potentialAction":[{"@type":"ReadAction","target":["https:\/\/www.kiesimestarit.fi\/index\/en\/restaurointi\/"]}]},{"@type":"BreadcrumbList","@id":"https:\/\/www.kiesimestarit.fi\/index\/en\/restaurointi\/#breadcrumb","itemListElement":[{"@type":"ListItem","position":1,"name":"Home","item":"http:\/\/www.kiesimestarit.fi\/index\/"},{"@type":"ListItem","position":2,"name":"Restoration"}]},{"@type":"WebSite","@id":"http:\/\/www.kiesimestarit.fi\/index\/#website","url":"http:\/\/www.kiesimestarit.fi\/index\/","name":"T:mi Kiesimestarit","description":"Jokaisella esineell\u00e4 on s\u00e4ilytt\u00e4misen arvoinen tarina","potentialAction":[{"@type":"SearchAction","target":{"@type":"EntryPoint","urlTemplate":"http:\/\/www.kiesimestarit.fi\/index\/?s={search_term_string}"},"query-input":{"@type":"PropertyValueSpecification","valueRequired":true,"valueName":"search_term_string"}}],"inLanguage":"en-US"}]}},"_links":{"self":[{"href":"https:\/\/www.kiesimestarit.fi\/index\/en\/wp-json\/wp\/v2\/pages\/16","targetHints":{"allow":["GET"]}}],"collection":[{"href":"https:\/\/www.kiesimestarit.fi\/index\/en\/wp-json\/wp\/v2\/pages"}],"about":[{"href":"https:\/\/www.kiesimestarit.fi\/index\/en\/wp-json\/wp\/v2\/types\/page"}],"author":[{"embeddable":true,"href":"https:\/\/www.kiesimestarit.fi\/index\/en\/wp-json\/wp\/v2\/users\/2"}],"replies":[{"embeddable":true,"href":"https:\/\/www.kiesimestarit.fi\/index\/en\/wp-json\/wp\/v2\/comments?post=16"}],"version-history":[{"count":9,"href":"https:\/\/www.kiesimestarit.fi\/index\/en\/wp-json\/wp\/v2\/pages\/16\/revisions"}],"predecessor-version":[{"id":1276,"href":"https:\/\/www.kiesimestarit.fi\/index\/en\/wp-json\/wp\/v2\/pages\/16\/revisions\/1276"}],"wp:attachment":[{"href":"https:\/\/www.kiesimestarit.fi\/index\/en\/wp-json\/wp\/v2\/media?parent=16"}],"curies":[{"name":"wp","href":"https:\/\/api.w.org\/{rel}","templated":true}]}}